{"id":42998,"date":"2025-12-06T22:10:36","date_gmt":"2025-12-06T18:10:36","guid":{"rendered":"https:\/\/droneandcam.com\/jamforelseverktyg-for-dronare\/"},"modified":"2025-12-06T22:10:36","modified_gmt":"2025-12-06T18:10:36","slug":"jamforelseverktyg-for-dronare","status":"publish","type":"page","link":"https:\/\/droneandcam.com\/sv\/jamforelseverktyg-for-dronare\/","title":{"rendered":"J\u00e4mf\u00f6relseverktyg f\u00f6r dr\u00f6nare"},"content":{"rendered":"","protected":false},"excerpt":{"rendered":"","protected":false},"author":1,"featured_media":0,"parent":0,"menu_order":0,"comment_status":"closed","ping_status":"closed","template":"","meta":{"om_disable_all_campaigns":false,"footnotes":""},"class_list":["post-42998","page","type-page","status-publish","hentry"],"yoast_head":"<!-- This site is optimized with the Yoast SEO Premium plugin v27.3 (Yoast SEO v27.3) - https:\/\/yoast.com\/product\/yoast-seo-premium-wordpress\/ -->\n<title>J\u00e4mf\u00f6relseverktyg f\u00f6r dr\u00f6nare - Drone &amp; Cam<\/title>\n<meta name=\"description\" content=\"Anv\u00e4nd v\u00e5rt j\u00e4mf\u00f6relseverktyg f\u00f6r dr\u00f6nar f\u00f6r att enkelt v\u00e4lja mellan DJI-, HOVERAir- och Antigravity-modeller.\" \/>\n<meta name=\"robots\" content=\"index, follow, max-snippet:-1, max-image-preview:large, max-video-preview:-1\" \/>\n<link rel=\"canonical\" href=\"https:\/\/droneandcam.com\/sv\/jamforelseverktyg-for-dronare\/\" \/>\n<meta property=\"og:locale\" content=\"sv_SE\" \/>\n<meta property=\"og:type\" content=\"article\" \/>\n<meta property=\"og:title\" content=\"J\u00e4mf\u00f6relseverktyg f\u00f6r dr\u00f6nare\" \/>\n<meta property=\"og:description\" content=\"Anv\u00e4nd v\u00e5rt j\u00e4mf\u00f6relseverktyg f\u00f6r dr\u00f6nar f\u00f6r att enkelt v\u00e4lja mellan DJI-, HOVERAir- och Antigravity-modeller.\" \/>\n<meta property=\"og:url\" content=\"https:\/\/droneandcam.com\/sv\/jamforelseverktyg-for-dronare\/\" \/>\n<meta property=\"og:site_name\" content=\"Drone &amp; Cam\" \/>\n<meta name=\"twitter:card\" content=\"summary_large_image\" \/>\n<script type=\"application\/ld+json\" class=\"yoast-schema-graph\">{\"@context\":\"https:\\\/\\\/schema.org\",\"@graph\":[{\"@type\":\"WebPage\",\"@id\":\"https:\\\/\\\/droneandcam.com\\\/sv\\\/jamforelseverktyg-for-dronare\\\/\",\"url\":\"https:\\\/\\\/droneandcam.com\\\/sv\\\/jamforelseverktyg-for-dronare\\\/\",\"name\":\"J\u00e4mf\u00f6relseverktyg f\u00f6r dr\u00f6nare - Drone &amp; Cam\",\"isPartOf\":{\"@id\":\"https:\\\/\\\/droneandcam.com\\\/sv\\\/#website\"},\"datePublished\":\"2025-12-06T18:10:36+00:00\",\"description\":\"Anv\u00e4nd v\u00e5rt j\u00e4mf\u00f6relseverktyg f\u00f6r dr\u00f6nar f\u00f6r att enkelt v\u00e4lja mellan DJI-, HOVERAir- och Antigravity-modeller.\",\"breadcrumb\":{\"@id\":\"https:\\\/\\\/droneandcam.com\\\/sv\\\/jamforelseverktyg-for-dronare\\\/#breadcrumb\"},\"inLanguage\":\"sv-SE\",\"potentialAction\":[{\"@type\":\"ReadAction\",\"target\":[\"https:\\\/\\\/droneandcam.com\\\/sv\\\/jamforelseverktyg-for-dronare\\\/\"]}]},{\"@type\":\"BreadcrumbList\",\"@id\":\"https:\\\/\\\/droneandcam.com\\\/sv\\\/jamforelseverktyg-for-dronare\\\/#breadcrumb\",\"itemListElement\":[{\"@type\":\"ListItem\",\"position\":1,\"name\":\"Accueil\",\"item\":\"https:\\\/\\\/droneandcam.com\\\/sv\\\/\"},{\"@type\":\"ListItem\",\"position\":2,\"name\":\"J\u00e4mf\u00f6relseverktyg f\u00f6r dr\u00f6nare\"}]},{\"@type\":\"WebSite\",\"@id\":\"https:\\\/\\\/droneandcam.com\\\/sv\\\/#website\",\"url\":\"https:\\\/\\\/droneandcam.com\\\/sv\\\/\",\"name\":\"Drone & Cam\",\"description\":\"Shoot. Fly. Repeat.\",\"publisher\":{\"@id\":\"https:\\\/\\\/droneandcam.com\\\/sv\\\/#organization\"},\"potentialAction\":[{\"@type\":\"SearchAction\",\"target\":{\"@type\":\"EntryPoint\",\"urlTemplate\":\"https:\\\/\\\/droneandcam.com\\\/sv\\\/?s={search_term_string}\"},\"query-input\":{\"@type\":\"PropertyValueSpecification\",\"valueRequired\":true,\"valueName\":\"search_term_string\"}}],\"inLanguage\":\"sv-SE\"},{\"@type\":\"Organization\",\"@id\":\"https:\\\/\\\/droneandcam.com\\\/sv\\\/#organization\",\"name\":\"Drone & Cam\",\"url\":\"https:\\\/\\\/droneandcam.com\\\/sv\\\/\",\"logo\":{\"@type\":\"ImageObject\",\"inLanguage\":\"sv-SE\",\"@id\":\"https:\\\/\\\/droneandcam.com\\\/sv\\\/#\\\/schema\\\/logo\\\/image\\\/\",\"url\":\"https:\\\/\\\/droneandcam.com\\\/wp-content\\\/uploads\\\/2026\\\/02\\\/cropped-ChatGPT_Image_7_aout_2025_a_12_02_31-removebg-preview-150x150-2.avif\",\"contentUrl\":\"https:\\\/\\\/droneandcam.com\\\/wp-content\\\/uploads\\\/2026\\\/02\\\/cropped-ChatGPT_Image_7_aout_2025_a_12_02_31-removebg-preview-150x150-2.avif\",\"width\":150,\"height\":150,\"caption\":\"Drone & Cam\"},\"image\":{\"@id\":\"https:\\\/\\\/droneandcam.com\\\/sv\\\/#\\\/schema\\\/logo\\\/image\\\/\"}}]}<\/script>\n<!-- \/ Yoast SEO Premium plugin. -->","yoast_head_json":{"title":"J\u00e4mf\u00f6relseverktyg f\u00f6r dr\u00f6nare - Drone &amp; Cam","description":"Anv\u00e4nd v\u00e5rt j\u00e4mf\u00f6relseverktyg f\u00f6r dr\u00f6nar f\u00f6r att enkelt v\u00e4lja mellan DJI-, HOVERAir- och Antigravity-modeller.","robots":{"index":"index","follow":"follow","max-snippet":"max-snippet:-1","max-image-preview":"max-image-preview:large","max-video-preview":"max-video-preview:-1"},"canonical":"https:\/\/droneandcam.com\/sv\/jamforelseverktyg-for-dronare\/","og_locale":"sv_SE","og_type":"article","og_title":"J\u00e4mf\u00f6relseverktyg f\u00f6r dr\u00f6nare","og_description":"Anv\u00e4nd v\u00e5rt j\u00e4mf\u00f6relseverktyg f\u00f6r dr\u00f6nar f\u00f6r att enkelt v\u00e4lja mellan DJI-, HOVERAir- och Antigravity-modeller.","og_url":"https:\/\/droneandcam.com\/sv\/jamforelseverktyg-for-dronare\/","og_site_name":"Drone &amp; Cam","twitter_card":"summary_large_image","schema":{"@context":"https:\/\/schema.org","@graph":[{"@type":"WebPage","@id":"https:\/\/droneandcam.com\/sv\/jamforelseverktyg-for-dronare\/","url":"https:\/\/droneandcam.com\/sv\/jamforelseverktyg-for-dronare\/","name":"J\u00e4mf\u00f6relseverktyg f\u00f6r dr\u00f6nare - Drone &amp; Cam","isPartOf":{"@id":"https:\/\/droneandcam.com\/sv\/#website"},"datePublished":"2025-12-06T18:10:36+00:00","description":"Anv\u00e4nd v\u00e5rt j\u00e4mf\u00f6relseverktyg f\u00f6r dr\u00f6nar f\u00f6r att enkelt v\u00e4lja mellan DJI-, HOVERAir- och Antigravity-modeller.","breadcrumb":{"@id":"https:\/\/droneandcam.com\/sv\/jamforelseverktyg-for-dronare\/#breadcrumb"},"inLanguage":"sv-SE","potentialAction":[{"@type":"ReadAction","target":["https:\/\/droneandcam.com\/sv\/jamforelseverktyg-for-dronare\/"]}]},{"@type":"BreadcrumbList","@id":"https:\/\/droneandcam.com\/sv\/jamforelseverktyg-for-dronare\/#breadcrumb","itemListElement":[{"@type":"ListItem","position":1,"name":"Accueil","item":"https:\/\/droneandcam.com\/sv\/"},{"@type":"ListItem","position":2,"name":"J\u00e4mf\u00f6relseverktyg f\u00f6r dr\u00f6nare"}]},{"@type":"WebSite","@id":"https:\/\/droneandcam.com\/sv\/#website","url":"https:\/\/droneandcam.com\/sv\/","name":"Drone & Cam","description":"Shoot. Fly. Repeat.","publisher":{"@id":"https:\/\/droneandcam.com\/sv\/#organization"},"potentialAction":[{"@type":"SearchAction","target":{"@type":"EntryPoint","urlTemplate":"https:\/\/droneandcam.com\/sv\/?s={search_term_string}"},"query-input":{"@type":"PropertyValueSpecification","valueRequired":true,"valueName":"search_term_string"}}],"inLanguage":"sv-SE"},{"@type":"Organization","@id":"https:\/\/droneandcam.com\/sv\/#organization","name":"Drone & Cam","url":"https:\/\/droneandcam.com\/sv\/","logo":{"@type":"ImageObject","inLanguage":"sv-SE","@id":"https:\/\/droneandcam.com\/sv\/#\/schema\/logo\/image\/","url":"https:\/\/droneandcam.com\/wp-content\/uploads\/2026\/02\/cropped-ChatGPT_Image_7_aout_2025_a_12_02_31-removebg-preview-150x150-2.avif","contentUrl":"https:\/\/droneandcam.com\/wp-content\/uploads\/2026\/02\/cropped-ChatGPT_Image_7_aout_2025_a_12_02_31-removebg-preview-150x150-2.avif","width":150,"height":150,"caption":"Drone & Cam"},"image":{"@id":"https:\/\/droneandcam.com\/sv\/#\/schema\/logo\/image\/"}}]}},"_links":{"self":[{"href":"https:\/\/droneandcam.com\/sv\/wp-json\/wp\/v2\/pages\/42998","targetHints":{"allow":["GET"]}}],"collection":[{"href":"https:\/\/droneandcam.com\/sv\/wp-json\/wp\/v2\/pages"}],"about":[{"href":"https:\/\/droneandcam.com\/sv\/wp-json\/wp\/v2\/types\/page"}],"author":[{"embeddable":true,"href":"https:\/\/droneandcam.com\/sv\/wp-json\/wp\/v2\/users\/1"}],"replies":[{"embeddable":true,"href":"https:\/\/droneandcam.com\/sv\/wp-json\/wp\/v2\/comments?post=42998"}],"version-history":[{"count":0,"href":"https:\/\/droneandcam.com\/sv\/wp-json\/wp\/v2\/pages\/42998\/revisions"}],"wp:attachment":[{"href":"https:\/\/droneandcam.com\/sv\/wp-json\/wp\/v2\/media?parent=42998"}],"curies":[{"name":"wp","href":"https:\/\/api.w.org\/{rel}","templated":true}]}}