{"id":23560,"date":"2025-08-11T05:38:04","date_gmt":"2025-08-11T01:38:04","guid":{"rendered":"https:\/\/droneandcam.com\/kampanjkod\/"},"modified":"2026-02-23T02:12:27","modified_gmt":"2026-02-22T22:12:27","slug":"kampanjkod","status":"publish","type":"page","link":"https:\/\/droneandcam.com\/sv\/kampanjkod\/","title":{"rendered":"Kampanjkod"},"content":{"rendered":"\n<p>Dra nytta av v\u00e5ra exklusiva Drone &amp; Cam-kampanjkoder f\u00f6r att spara p\u00e5 dina k\u00f6p av dr\u00f6nare, kameror och tillbeh\u00f6r!<\/p>\n\n<div data-wp-context=\"{}\" data-wp-interactive=\"core\/query\" data-wp-key=\"24\" data-wp-router-region=\"query-24\" class=\"wp-block-query alignwide is-layout-flow wp-block-query-is-layout-flow\"><ul class=\"columns-2 post-item wp-block-post-template is-layout-grid wp-container-core-post-template-is-layout-02493678 wp-block-post-template-is-layout-grid\"><li data-wp-key=\"post-template-item-10975\" class=\"wp-block-post post-10975 post type-post status-publish format-standard has-post-thumbnail hentry category-kampanj-kod\">\n<figure class=\"wp-block-post-featured-image\"><a href=\"https:\/\/droneandcam.com\/sv\/post\/koda-promo-telesin\/\" target=\"_self\"  ><img loading=\"lazy\" decoding=\"async\" width=\"530\" height=\"250\" src=\"https:\/\/droneandcam.com\/wp-content\/uploads\/2025\/08\/image-227-530x250.avif\" class=\"attachment-blog-thumb size-blog-thumb wp-post-image\" alt=\"Koda Promo TELESIN\" style=\"border-radius:20px;object-fit:cover;\" \/><\/a><\/figure>\n\n<h2 style=\"margin-bottom:0;margin-top:var(--wp--preset--spacing--20);\" class=\"wp-block-post-title has-large-font-size\"><a href=\"https:\/\/droneandcam.com\/sv\/post\/koda-promo-telesin\/\" target=\"_self\" >Koda Promo TELESIN<\/a><\/h2>\n\n<div style=\"margin-bottom:0;margin-top:var(--wp--preset--spacing--20);\" class=\"wp-block-post-excerpt\"><p class=\"wp-block-post-excerpt__excerpt\">V\u00e4lkommen till den f\u00e4ngslande v\u00e4rlden av 360-graders fotografering d\u00e4r varje detalj r\u00e4knas och varje rekvisita spelar en avg\u00f6rande roll f\u00f6r&hellip; <\/p><\/div>\n\n<div style=\"margin-top:var(--wp--preset--spacing--20);\" class=\"wp-block-post-date\"><time datetime=\"2025-08-08T16:04:48+04:00\">8\/8\/2025<\/time><\/div>\n<\/li><li data-wp-key=\"post-template-item-11852\" class=\"wp-block-post post-11852 post type-post status-publish format-standard has-post-thumbnail hentry category-kampanj-kod\">\n<figure class=\"wp-block-post-featured-image\"><a href=\"https:\/\/droneandcam.com\/sv\/post\/retouch4me-kampanjkod-fa-20-rabatt-pa-din-fotoredigering\/\" target=\"_self\"  ><img loading=\"lazy\" decoding=\"async\" width=\"530\" height=\"250\" src=\"https:\/\/droneandcam.com\/wp-content\/uploads\/2025\/08\/image-344-530x250.avif\" class=\"attachment-blog-thumb size-blog-thumb wp-post-image\" alt=\"Retouch4me Kampanjkod: F\u00e5 20 % rabatt p\u00e5 din fotoredigering!\" style=\"border-radius:20px;object-fit:cover;\" \/><\/a><\/figure>\n\n<h2 style=\"margin-bottom:0;margin-top:var(--wp--preset--spacing--20);\" class=\"wp-block-post-title has-large-font-size\"><a href=\"https:\/\/droneandcam.com\/sv\/post\/retouch4me-kampanjkod-fa-20-rabatt-pa-din-fotoredigering\/\" target=\"_self\" >Retouch4me Kampanjkod: F\u00e5 20 % rabatt p\u00e5 din fotoredigering!<\/a><\/h2>\n\n<div style=\"margin-bottom:0;margin-top:var(--wp--preset--spacing--20);\" class=\"wp-block-post-excerpt\"><p class=\"wp-block-post-excerpt__excerpt\">Vill du f\u00f6rb\u00e4ttra dina bilder p\u00e5 ett snabbt och enkelt s\u00e4tt? Retouch4mes plugins \u00e4r h\u00e4r f\u00f6r att hj\u00e4lpa dig! Oavsett&hellip; <\/p><\/div>\n\n<div style=\"margin-top:var(--wp--preset--spacing--20);\" class=\"wp-block-post-date\"><time datetime=\"2025-08-08T16:04:45+04:00\">8\/8\/2025<\/time><\/div>\n<\/li><li data-wp-key=\"post-template-item-11819\" class=\"wp-block-post post-11819 post type-post status-publish format-standard has-post-thumbnail hentry category-360-kameror category-kampanj-kod\">\n<figure class=\"wp-block-post-featured-image\"><a href=\"https:\/\/droneandcam.com\/sv\/post\/panox-v2-promo-kod\/\" target=\"_self\"  ><img loading=\"lazy\" decoding=\"async\" width=\"530\" height=\"250\" src=\"https:\/\/droneandcam.com\/wp-content\/uploads\/2025\/08\/image-405-530x250.avif\" class=\"attachment-blog-thumb size-blog-thumb wp-post-image\" alt=\"PanoX V2 PROMO Kod!\" style=\"border-radius:20px;object-fit:cover;\" \/><\/a><\/figure>\n\n<h2 style=\"margin-bottom:0;margin-top:var(--wp--preset--spacing--20);\" class=\"wp-block-post-title has-large-font-size\"><a href=\"https:\/\/droneandcam.com\/sv\/post\/panox-v2-promo-kod\/\" target=\"_self\" >PanoX V2 PROMO Kod!<\/a><\/h2>\n\n<div style=\"margin-bottom:0;margin-top:var(--wp--preset--spacing--20);\" class=\"wp-block-post-excerpt\"><p class=\"wp-block-post-excerpt__excerpt\">PanoX V2-kameran \u00e4r det ultimata verktyget f\u00f6r att f\u00e5nga of\u00f6rgl\u00f6mliga 360\u00b0-\u00f6gonblick i exceptionell kvalitet. Oavsett om du \u00e4r en inneh\u00e5llsskapare,&hellip; <\/p><\/div>\n\n<div style=\"margin-top:var(--wp--preset--spacing--20);\" class=\"wp-block-post-date\"><time datetime=\"2025-08-08T16:04:44+04:00\">8\/8\/2025<\/time><\/div>\n<\/li><li data-wp-key=\"post-template-item-11798\" class=\"wp-block-post post-11798 post type-post status-publish format-standard has-post-thumbnail hentry category-kampanj-kod category-okategoriserad\">\n<figure class=\"wp-block-post-featured-image\"><a href=\"https:\/\/droneandcam.com\/sv\/post\/insta360-kampanjkod-gratis-tillbehor\/\" target=\"_self\"  ><img loading=\"lazy\" decoding=\"async\" width=\"530\" height=\"250\" src=\"https:\/\/droneandcam.com\/wp-content\/uploads\/2025\/08\/image-476-530x250.avif\" class=\"attachment-blog-thumb size-blog-thumb wp-post-image\" alt=\"Insta360 kampanjkod: Gratis tillbeh\u00f6r\" style=\"border-radius:20px;object-fit:cover;\" \/><\/a><\/figure>\n\n<h2 style=\"margin-bottom:0;margin-top:var(--wp--preset--spacing--20);\" class=\"wp-block-post-title has-large-font-size\"><a href=\"https:\/\/droneandcam.com\/sv\/post\/insta360-kampanjkod-gratis-tillbehor\/\" target=\"_self\" >Insta360 kampanjkod: Gratis tillbeh\u00f6r<\/a><\/h2>\n\n<div style=\"margin-bottom:0;margin-top:var(--wp--preset--spacing--20);\" class=\"wp-block-post-excerpt\"><p class=\"wp-block-post-excerpt__excerpt\">KAMPANJKOD INSTA360 AKTIV 2025 : INREC7J \u2013 Gratis tillbeh\u00f6r vid k\u00f6p av en kamera. I actionkamerornas dynamiska v\u00e4rld kan r\u00e4tt&hellip; <\/p><\/div>\n\n<div style=\"margin-top:var(--wp--preset--spacing--20);\" class=\"wp-block-post-date\"><time datetime=\"2025-08-08T16:04:35+04:00\">8\/8\/2025<\/time><\/div>\n<\/li><li data-wp-key=\"post-template-item-11792\" class=\"wp-block-post post-11792 post type-post status-publish format-standard has-post-thumbnail hentry category-kampanj-kod category-okategoriserad\">\n<figure class=\"wp-block-post-featured-image\"><a href=\"https:\/\/droneandcam.com\/sv\/post\/kupongkod-klap-app-30-rabatt-for-att-forvandla-din-videostrategi\/\" target=\"_self\"  ><img loading=\"lazy\" decoding=\"async\" width=\"530\" height=\"250\" src=\"https:\/\/droneandcam.com\/wp-content\/uploads\/2025\/08\/image-884-530x250.avif\" class=\"attachment-blog-thumb size-blog-thumb wp-post-image\" alt=\"Kupongkod Klap.app: 30 % rabatt f\u00f6r att f\u00f6rvandla din videostrategi\" style=\"border-radius:20px;object-fit:cover;\" \/><\/a><\/figure>\n\n<h2 style=\"margin-bottom:0;margin-top:var(--wp--preset--spacing--20);\" class=\"wp-block-post-title has-large-font-size\"><a href=\"https:\/\/droneandcam.com\/sv\/post\/kupongkod-klap-app-30-rabatt-for-att-forvandla-din-videostrategi\/\" target=\"_self\" >Kupongkod Klap.app: 30 % rabatt f\u00f6r att f\u00f6rvandla din videostrategi<\/a><\/h2>\n\n<div style=\"margin-bottom:0;margin-top:var(--wp--preset--spacing--20);\" class=\"wp-block-post-excerpt\"><p class=\"wp-block-post-excerpt__excerpt\">\ud83c\udfac F\u00f6rvandla dina videor med Klap.app: F\u00e5 30 % rabatt med CREATE30-koden! Spenderar du timmar p\u00e5 att skapa videoinneh\u00e5ll, men&hellip; <\/p><\/div>\n\n<div style=\"margin-top:var(--wp--preset--spacing--20);\" class=\"wp-block-post-date\"><time datetime=\"2025-08-08T16:04:34+04:00\">8\/8\/2025<\/time><\/div>\n<\/li><li data-wp-key=\"post-template-item-11765\" class=\"wp-block-post post-11765 post type-post status-publish format-standard has-post-thumbnail hentry category-kampanj-kod category-okategoriserad\">\n<figure class=\"wp-block-post-featured-image\"><a href=\"https:\/\/droneandcam.com\/sv\/post\/insta360-kupongkod-inrec7j\/\" target=\"_self\"  ><img loading=\"lazy\" decoding=\"async\" width=\"530\" height=\"250\" src=\"https:\/\/droneandcam.com\/wp-content\/uploads\/2025\/08\/image-890-530x250.avif\" class=\"attachment-blog-thumb size-blog-thumb wp-post-image\" alt=\"Insta360 kupongkod INREC7J\" style=\"border-radius:20px;object-fit:cover;\" \/><\/a><\/figure>\n\n<h2 style=\"margin-bottom:0;margin-top:var(--wp--preset--spacing--20);\" class=\"wp-block-post-title has-large-font-size\"><a href=\"https:\/\/droneandcam.com\/sv\/post\/insta360-kupongkod-inrec7j\/\" target=\"_self\" >Insta360 kupongkod INREC7J<\/a><\/h2>\n\n<div style=\"margin-bottom:0;margin-top:var(--wp--preset--spacing--20);\" class=\"wp-block-post-excerpt\"><p class=\"wp-block-post-excerpt__excerpt\">Letar du efter en Insta360 -kampanjkod som \u00e4r giltig 2025 f\u00f6r att njuta av exklusiva f\u00f6rm\u00e5ner? Koden INREC7J erbjuder ett&hellip; <\/p><\/div>\n\n<div style=\"margin-top:var(--wp--preset--spacing--20);\" class=\"wp-block-post-date\"><time datetime=\"2025-08-08T16:04:33+04:00\">8\/8\/2025<\/time><\/div>\n<\/li><li data-wp-key=\"post-template-item-11777\" class=\"wp-block-post post-11777 post type-post status-publish format-standard has-post-thumbnail hentry category-kampanj-kod category-okategoriserad\">\n<figure class=\"wp-block-post-featured-image\"><a href=\"https:\/\/droneandcam.com\/sv\/post\/insta360-go-3s-kupongkod\/\" target=\"_self\"  ><img loading=\"lazy\" decoding=\"async\" width=\"530\" height=\"250\" src=\"https:\/\/droneandcam.com\/wp-content\/uploads\/2025\/08\/image-886-530x250.avif\" class=\"attachment-blog-thumb size-blog-thumb wp-post-image\" alt=\"Insta360 GO 3S kupongkod\" style=\"border-radius:20px;object-fit:cover;\" \/><\/a><\/figure>\n\n<h2 style=\"margin-bottom:0;margin-top:var(--wp--preset--spacing--20);\" class=\"wp-block-post-title has-large-font-size\"><a href=\"https:\/\/droneandcam.com\/sv\/post\/insta360-go-3s-kupongkod\/\" target=\"_self\" >Insta360 GO 3S kupongkod<\/a><\/h2>\n\n<div style=\"margin-bottom:0;margin-top:var(--wp--preset--spacing--20);\" class=\"wp-block-post-excerpt\"><p class=\"wp-block-post-excerpt__excerpt\">F\u00f6rest\u00e4ll dig att f\u00e5nga varje \u00f6gonblick av dina mest v\u00e5gade \u00e4ventyr med en kamera som \u00e4r s\u00e5 kompakt att den&hellip; <\/p><\/div>\n\n<div style=\"margin-top:var(--wp--preset--spacing--20);\" class=\"wp-block-post-date\"><time datetime=\"2025-08-08T16:04:33+04:00\">8\/8\/2025<\/time><\/div>\n<\/li><li data-wp-key=\"post-template-item-11688\" class=\"wp-block-post post-11688 post type-post status-publish format-standard has-post-thumbnail hentry category-insta360-ace-serien category-kampanj-kod\">\n<figure class=\"wp-block-post-featured-image\"><a href=\"https:\/\/droneandcam.com\/sv\/post\/koda-promo-insta360-ace-pro\/\" target=\"_self\"  ><img loading=\"lazy\" decoding=\"async\" width=\"530\" height=\"250\" src=\"https:\/\/droneandcam.com\/wp-content\/uploads\/2025\/08\/Insta360-Ace-Ace-Pro-530x250.avif\" class=\"attachment-blog-thumb size-blog-thumb wp-post-image\" alt=\"Koda PROMO Insta360 Ace Pro\" style=\"border-radius:20px;object-fit:cover;\" \/><\/a><\/figure>\n\n<h2 style=\"margin-bottom:0;margin-top:var(--wp--preset--spacing--20);\" class=\"wp-block-post-title has-large-font-size\"><a href=\"https:\/\/droneandcam.com\/sv\/post\/koda-promo-insta360-ace-pro\/\" target=\"_self\" >Koda PROMO Insta360 Ace Pro<\/a><\/h2>\n\n<div style=\"margin-bottom:0;margin-top:var(--wp--preset--spacing--20);\" class=\"wp-block-post-excerpt\"><p class=\"wp-block-post-excerpt__excerpt\">I den st\u00e4ndigt f\u00f6r\u00e4nderliga v\u00e4rlden av actionfotografering och videografi sticker Insta360 Ace Pro ut som en sann revolution. F\u00f6rest\u00e4ll dig&hellip; <\/p><\/div>\n\n<div style=\"margin-top:var(--wp--preset--spacing--20);\" class=\"wp-block-post-date\"><time datetime=\"2025-08-06T12:32:53+04:00\">8\/6\/2025<\/time><\/div>\n<\/li><li data-wp-key=\"post-template-item-11671\" class=\"wp-block-post post-11671 post type-post status-publish format-standard has-post-thumbnail hentry category-insta360-x3-sv category-kampanj-kod\">\n<figure class=\"wp-block-post-featured-image\"><a href=\"https:\/\/droneandcam.com\/sv\/post\/insta360-x3-kupongkod\/\" target=\"_self\"  ><img loading=\"lazy\" decoding=\"async\" width=\"530\" height=\"250\" src=\"https:\/\/droneandcam.com\/wp-content\/uploads\/2025\/08\/image-50-530x250.avif\" class=\"attachment-blog-thumb size-blog-thumb wp-post-image\" alt=\"Insta360 X3 kupongkod\" style=\"border-radius:20px;object-fit:cover;\" \/><\/a><\/figure>\n\n<h2 style=\"margin-bottom:0;margin-top:var(--wp--preset--spacing--20);\" class=\"wp-block-post-title has-large-font-size\"><a href=\"https:\/\/droneandcam.com\/sv\/post\/insta360-x3-kupongkod\/\" target=\"_self\" >Insta360 X3 kupongkod<\/a><\/h2>\n\n<div style=\"margin-bottom:0;margin-top:var(--wp--preset--spacing--20);\" class=\"wp-block-post-excerpt\"><p class=\"wp-block-post-excerpt__excerpt\">F\u00f6rest\u00e4ll dig att du seglar p\u00e5 Internets tumultartade hav och letar efter den v\u00e4rdefulla skatten som \u00e4r kupongkoder f\u00f6r Insta360&hellip; <\/p><\/div>\n\n<div style=\"margin-top:var(--wp--preset--spacing--20);\" class=\"wp-block-post-date\"><time datetime=\"2025-08-06T12:28:59+04:00\">8\/6\/2025<\/time><\/div>\n<\/li><\/ul>\n\n<\/div>\n","protected":false},"excerpt":{"rendered":"<p>Dra nytta av v\u00e5ra exklusiva Drone &amp; Cam-kampanjkoder f\u00f6r att spara p\u00e5 dina k\u00f6p av dr\u00f6nare, kameror och tillbeh\u00f6r!<\/p>\n","protected":false},"author":1,"featured_media":0,"parent":0,"menu_order":0,"comment_status":"closed","ping_status":"closed","template":"","meta":{"om_disable_all_campaigns":false,"footnotes":""},"class_list":["post-23560","page","type-page","status-publish","hentry"],"yoast_head":"<!-- This site is optimized with the Yoast SEO Premium plugin v27.4 (Yoast SEO v27.4) - https:\/\/yoast.com\/product\/yoast-seo-premium-wordpress\/ -->\n<title>Kampanjkod - Drone &amp; Cam<\/title>\n<meta name=\"description\" content=\"Kolla in alla v\u00e5ra Dr\u00f6nare &amp; Kamera-kampanjkoder f\u00f6r att f\u00e5 exklusiva rabatter p\u00e5 de b\u00e4sta dr\u00f6narna, kamerorna och foto-\/videotillbeh\u00f6ren.\" \/>\n<meta name=\"robots\" content=\"index, follow, max-snippet:-1, max-image-preview:large, max-video-preview:-1\" \/>\n<link rel=\"canonical\" href=\"https:\/\/droneandcam.com\/sv\/kampanjkod\/\" \/>\n<meta property=\"og:locale\" content=\"sv_SE\" \/>\n<meta property=\"og:type\" content=\"article\" \/>\n<meta property=\"og:title\" content=\"Kampanjkod\" \/>\n<meta property=\"og:description\" content=\"Kolla in alla v\u00e5ra Dr\u00f6nare &amp; Kamera-kampanjkoder f\u00f6r att f\u00e5 exklusiva rabatter p\u00e5 de b\u00e4sta dr\u00f6narna, kamerorna och foto-\/videotillbeh\u00f6ren.\" \/>\n<meta property=\"og:url\" content=\"https:\/\/droneandcam.com\/sv\/kampanjkod\/\" \/>\n<meta property=\"og:site_name\" content=\"Drone &amp; Cam\" \/>\n<meta property=\"article:modified_time\" content=\"2026-02-22T22:12:27+00:00\" \/>\n<meta name=\"twitter:card\" content=\"summary_large_image\" \/>\n<script type=\"application\/ld+json\" class=\"yoast-schema-graph\">{\"@context\":\"https:\\\/\\\/schema.org\",\"@graph\":[{\"@type\":\"WebPage\",\"@id\":\"https:\\\/\\\/droneandcam.com\\\/sv\\\/kampanjkod\\\/\",\"url\":\"https:\\\/\\\/droneandcam.com\\\/sv\\\/kampanjkod\\\/\",\"name\":\"Kampanjkod - Drone &amp; Cam\",\"isPartOf\":{\"@id\":\"https:\\\/\\\/droneandcam.com\\\/sv\\\/#website\"},\"datePublished\":\"2025-08-11T01:38:04+00:00\",\"dateModified\":\"2026-02-22T22:12:27+00:00\",\"description\":\"Kolla in alla v\u00e5ra Dr\u00f6nare & Kamera-kampanjkoder f\u00f6r att f\u00e5 exklusiva rabatter p\u00e5 de b\u00e4sta dr\u00f6narna, kamerorna och foto-\\\/videotillbeh\u00f6ren.\",\"breadcrumb\":{\"@id\":\"https:\\\/\\\/droneandcam.com\\\/sv\\\/kampanjkod\\\/#breadcrumb\"},\"inLanguage\":\"sv-SE\",\"potentialAction\":[{\"@type\":\"ReadAction\",\"target\":[\"https:\\\/\\\/droneandcam.com\\\/sv\\\/kampanjkod\\\/\"]}]},{\"@type\":\"BreadcrumbList\",\"@id\":\"https:\\\/\\\/droneandcam.com\\\/sv\\\/kampanjkod\\\/#breadcrumb\",\"itemListElement\":[{\"@type\":\"ListItem\",\"position\":1,\"name\":\"Accueil\",\"item\":\"https:\\\/\\\/droneandcam.com\\\/sv\\\/\"},{\"@type\":\"ListItem\",\"position\":2,\"name\":\"Kampanjkod\"}]},{\"@type\":\"WebSite\",\"@id\":\"https:\\\/\\\/droneandcam.com\\\/sv\\\/#website\",\"url\":\"https:\\\/\\\/droneandcam.com\\\/sv\\\/\",\"name\":\"Drone & Cam\",\"description\":\"Shoot. Fly. Repeat.\",\"publisher\":{\"@id\":\"https:\\\/\\\/droneandcam.com\\\/sv\\\/#organization\"},\"potentialAction\":[{\"@type\":\"SearchAction\",\"target\":{\"@type\":\"EntryPoint\",\"urlTemplate\":\"https:\\\/\\\/droneandcam.com\\\/sv\\\/?s={search_term_string}\"},\"query-input\":{\"@type\":\"PropertyValueSpecification\",\"valueRequired\":true,\"valueName\":\"search_term_string\"}}],\"inLanguage\":\"sv-SE\"},{\"@type\":\"Organization\",\"@id\":\"https:\\\/\\\/droneandcam.com\\\/sv\\\/#organization\",\"name\":\"Drone & Cam\",\"url\":\"https:\\\/\\\/droneandcam.com\\\/sv\\\/\",\"logo\":{\"@type\":\"ImageObject\",\"inLanguage\":\"sv-SE\",\"@id\":\"https:\\\/\\\/droneandcam.com\\\/sv\\\/#\\\/schema\\\/logo\\\/image\\\/\",\"url\":\"https:\\\/\\\/droneandcam.com\\\/wp-content\\\/uploads\\\/2026\\\/02\\\/cropped-ChatGPT_Image_7_aout_2025_a_12_02_31-removebg-preview-150x150-2.avif\",\"contentUrl\":\"https:\\\/\\\/droneandcam.com\\\/wp-content\\\/uploads\\\/2026\\\/02\\\/cropped-ChatGPT_Image_7_aout_2025_a_12_02_31-removebg-preview-150x150-2.avif\",\"width\":150,\"height\":150,\"caption\":\"Drone & Cam\"},\"image\":{\"@id\":\"https:\\\/\\\/droneandcam.com\\\/sv\\\/#\\\/schema\\\/logo\\\/image\\\/\"}}]}<\/script>\n<!-- \/ Yoast SEO Premium plugin. -->","yoast_head_json":{"title":"Kampanjkod - Drone &amp; Cam","description":"Kolla in alla v\u00e5ra Dr\u00f6nare & Kamera-kampanjkoder f\u00f6r att f\u00e5 exklusiva rabatter p\u00e5 de b\u00e4sta dr\u00f6narna, kamerorna och foto-\/videotillbeh\u00f6ren.","robots":{"index":"index","follow":"follow","max-snippet":"max-snippet:-1","max-image-preview":"max-image-preview:large","max-video-preview":"max-video-preview:-1"},"canonical":"https:\/\/droneandcam.com\/sv\/kampanjkod\/","og_locale":"sv_SE","og_type":"article","og_title":"Kampanjkod","og_description":"Kolla in alla v\u00e5ra Dr\u00f6nare & Kamera-kampanjkoder f\u00f6r att f\u00e5 exklusiva rabatter p\u00e5 de b\u00e4sta dr\u00f6narna, kamerorna och foto-\/videotillbeh\u00f6ren.","og_url":"https:\/\/droneandcam.com\/sv\/kampanjkod\/","og_site_name":"Drone &amp; Cam","article_modified_time":"2026-02-22T22:12:27+00:00","twitter_card":"summary_large_image","schema":{"@context":"https:\/\/schema.org","@graph":[{"@type":"WebPage","@id":"https:\/\/droneandcam.com\/sv\/kampanjkod\/","url":"https:\/\/droneandcam.com\/sv\/kampanjkod\/","name":"Kampanjkod - Drone &amp; Cam","isPartOf":{"@id":"https:\/\/droneandcam.com\/sv\/#website"},"datePublished":"2025-08-11T01:38:04+00:00","dateModified":"2026-02-22T22:12:27+00:00","description":"Kolla in alla v\u00e5ra Dr\u00f6nare & Kamera-kampanjkoder f\u00f6r att f\u00e5 exklusiva rabatter p\u00e5 de b\u00e4sta dr\u00f6narna, kamerorna och foto-\/videotillbeh\u00f6ren.","breadcrumb":{"@id":"https:\/\/droneandcam.com\/sv\/kampanjkod\/#breadcrumb"},"inLanguage":"sv-SE","potentialAction":[{"@type":"ReadAction","target":["https:\/\/droneandcam.com\/sv\/kampanjkod\/"]}]},{"@type":"BreadcrumbList","@id":"https:\/\/droneandcam.com\/sv\/kampanjkod\/#breadcrumb","itemListElement":[{"@type":"ListItem","position":1,"name":"Accueil","item":"https:\/\/droneandcam.com\/sv\/"},{"@type":"ListItem","position":2,"name":"Kampanjkod"}]},{"@type":"WebSite","@id":"https:\/\/droneandcam.com\/sv\/#website","url":"https:\/\/droneandcam.com\/sv\/","name":"Drone & Cam","description":"Shoot. Fly. Repeat.","publisher":{"@id":"https:\/\/droneandcam.com\/sv\/#organization"},"potentialAction":[{"@type":"SearchAction","target":{"@type":"EntryPoint","urlTemplate":"https:\/\/droneandcam.com\/sv\/?s={search_term_string}"},"query-input":{"@type":"PropertyValueSpecification","valueRequired":true,"valueName":"search_term_string"}}],"inLanguage":"sv-SE"},{"@type":"Organization","@id":"https:\/\/droneandcam.com\/sv\/#organization","name":"Drone & Cam","url":"https:\/\/droneandcam.com\/sv\/","logo":{"@type":"ImageObject","inLanguage":"sv-SE","@id":"https:\/\/droneandcam.com\/sv\/#\/schema\/logo\/image\/","url":"https:\/\/droneandcam.com\/wp-content\/uploads\/2026\/02\/cropped-ChatGPT_Image_7_aout_2025_a_12_02_31-removebg-preview-150x150-2.avif","contentUrl":"https:\/\/droneandcam.com\/wp-content\/uploads\/2026\/02\/cropped-ChatGPT_Image_7_aout_2025_a_12_02_31-removebg-preview-150x150-2.avif","width":150,"height":150,"caption":"Drone & Cam"},"image":{"@id":"https:\/\/droneandcam.com\/sv\/#\/schema\/logo\/image\/"}}]}},"_links":{"self":[{"href":"https:\/\/droneandcam.com\/sv\/wp-json\/wp\/v2\/pages\/23560","targetHints":{"allow":["GET"]}}],"collection":[{"href":"https:\/\/droneandcam.com\/sv\/wp-json\/wp\/v2\/pages"}],"about":[{"href":"https:\/\/droneandcam.com\/sv\/wp-json\/wp\/v2\/types\/page"}],"author":[{"embeddable":true,"href":"https:\/\/droneandcam.com\/sv\/wp-json\/wp\/v2\/users\/1"}],"replies":[{"embeddable":true,"href":"https:\/\/droneandcam.com\/sv\/wp-json\/wp\/v2\/comments?post=23560"}],"version-history":[{"count":1,"href":"https:\/\/droneandcam.com\/sv\/wp-json\/wp\/v2\/pages\/23560\/revisions"}],"predecessor-version":[{"id":23563,"href":"https:\/\/droneandcam.com\/sv\/wp-json\/wp\/v2\/pages\/23560\/revisions\/23563"}],"wp:attachment":[{"href":"https:\/\/droneandcam.com\/sv\/wp-json\/wp\/v2\/media?parent=23560"}],"curies":[{"name":"wp","href":"https:\/\/api.w.org\/{rel}","templated":true}]}}