{"id":23529,"date":"2025-08-12T11:28:32","date_gmt":"2025-08-12T07:28:32","guid":{"rendered":"https:\/\/droneandcam.com\/om-dronare-och-kamera\/"},"modified":"2025-08-31T18:14:38","modified_gmt":"2025-08-31T18:14:38","slug":"om-dronare-och-kamera","status":"publish","type":"page","link":"https:\/\/droneandcam.com\/sv\/om-dronare-och-kamera\/","title":{"rendered":"Om Dr\u00f6nare och kamera"},"content":{"rendered":"\n<p><strong>Drone &amp; Cam<\/strong> \u00e4r din online-referens f\u00f6r allt som r\u00f6r <strong>skapande av foto- och videoinneh\u00e5ll<\/strong> .<br\/> Oavsett om du \u00e4r en <strong>dr\u00f6narentusiast<\/strong> , ett <strong>360-graderskamerafan<\/strong> , ett <strong>actionkamerafan<\/strong> eller en kreat\u00f6r som letar efter det <strong>b\u00e4sta tillbeh\u00f6ret<\/strong> , hj\u00e4lper vi dig att v\u00e4lja, bem\u00e4stra och utnyttja din utrustning fullt ut.<\/p>\n\n<hr class=\"wp-block-separator has-alpha-channel-opacity\"\/>\n\n<h2 class=\"wp-block-heading\"><strong>V\u00e5rt uppdrag<\/strong><\/h2>\n\n<p>F\u00f6rse v\u00e5r community med <strong>p\u00e5litliga recensioner<\/strong> , <strong>omfattande k\u00f6pguider<\/strong> och <strong>praktiska tips<\/strong> f\u00f6r att ta bilder av professionell kvalitet.<br\/> H\u00e4r hittar du tips f\u00f6r:<\/p>\n\n<ul class=\"wp-block-list\">\n<li><strong>Att v\u00e4lja r\u00e4tt kamera<\/strong> (Insta360, <a href=\"https:\/\/droneandcam.com\/sv\/post\/dji-pocket-vs-gopro-hero-vilken-kamera-ska-man-ta-med-sig-nar-man-reser\/\">GoPro<\/a>, <a href=\"https:\/\/droneandcam.com\/sv\/post\/dji-osmo-pocket-3-vs-dji-osmo-pocket-2\/\">DJI<\/a>, <a href=\"https:\/\/droneandcam.com\/sv\/post\/sony-a7c-sd-kort-hastighet-kapacitet-och-tillforlitlighet\/\">Sony<\/a>, etc.)<\/li>\n\n\n\n<li><strong>Hitta r\u00e4tt dr\u00f6nare<\/strong> f\u00f6r dina behov, fr\u00e5n fritidsaktiviteter till professionell filmning<\/li>\n\n\n\n<li><strong>Optimera dina videor<\/strong> med de b\u00e4sta tillbeh\u00f6ren och programvaran<\/li>\n\n\n\n<li><strong>Dra nytta av de b\u00e4sta priserna<\/strong> med v\u00e5ra <strong>exklusiva kampanjkoder<\/strong><\/li>\n<\/ul>\n\n<hr class=\"wp-block-separator has-alpha-channel-opacity\"\/>\n\n<h2 class=\"wp-block-heading\"><strong>Vad vi t\u00e4cker<\/strong><\/h2>\n\n<ul class=\"wp-block-list\">\n<li><strong>360\u00b0-kameror<\/strong> : Insta360 X4, X3, Ace Pro\u2026<\/li>\n\n\n\n<li><strong>Actionkameror<\/strong> : GoPro Hero 13 Black, DJI Osmo Action, Sony Action Cam\u2026<\/li>\n\n\n\n<li><strong>Dr\u00f6nare<\/strong> : DJI Mini, Air, Mavic, FPV, Avata&#8230;<\/li>\n\n\n\n<li><strong>Tillbeh\u00f6r<\/strong> : snabba SD-kort, R\u00d8DE-mikrofoner, stativ, bommar, ND-filter etc.<\/li>\n\n\n\n<li><strong>Redigering och efterproduktion<\/strong> : Luminar Neo, Retouch4me, Submagic, CapCut\u2026<\/li>\n<\/ul>\n\n<hr class=\"wp-block-separator has-alpha-channel-opacity\"\/>\n\n<h2 class=\"wp-block-heading\"><strong>Varf\u00f6r lita p\u00e5 oss?<\/strong><\/h2>\n\n<ul class=\"wp-block-list\">\n<li><strong>Expertis inom flera varum\u00e4rken<\/strong> : vi testar och j\u00e4mf\u00f6r produkter fr\u00e5n flera tillverkare f\u00f6r att ge dig en helt\u00e4ckande och opartisk \u00e5sikt.<\/li>\n\n\n\n<li><strong>F\u00e4lttester<\/strong> : alla v\u00e5ra tester utf\u00f6rs under verkliga f\u00f6rh\u00e5llanden (resor, vandringar, filmning) f\u00f6r att ge dig konkret feedback.<\/li>\n\n\n\n<li><strong>Utbildningsguider<\/strong> : vi f\u00f6rklarar tekniska aspekter s\u00e5 att alla kan utvecklas, fr\u00e5n nyb\u00f6rjare till proffs.<\/li>\n<\/ul>\n\n<hr class=\"wp-block-separator has-alpha-channel-opacity\"\/>\n\n<h2 class=\"wp-block-heading\"><strong>V\u00e5r ber\u00e4ttelse<\/strong><\/h2>\n\n<p>V\u00e5r resa b\u00f6rjade ursprungligen med en blogg 100 % dedikerad till Insta360-produkter.<br\/> Mycket snabbt ledde v\u00e5r passion f\u00f6r bilder och teknik till att vi ut\u00f6kade v\u00e5rt universum till <strong>all fotograferingsutrustning<\/strong> , fr\u00e5n dr\u00f6nare till kameror, inklusive viktiga tillbeh\u00f6r och programvara.<br\/> Idag har <strong>Drone &amp; Cam<\/strong> blivit en <strong>helt\u00e4ckande specialiserad medieplattform<\/strong> f\u00f6r alla inneh\u00e5llsskapare.<\/p>\n\n<hr class=\"wp-block-separator has-alpha-channel-opacity\"\/>\n\n<h2 class=\"wp-block-heading\"><strong>G\u00e5 med i Dr\u00f6nare- och kameragemenskapen<\/strong><\/h2>\n\n<p>\ud83d\ude80 F\u00e5 v\u00e5ra senaste recensioner, tips och handledningar genom att prenumerera p\u00e5 v\u00e5rt nyhetsbrev.<br\/>\ud83d\udcf1 F\u00f6lj oss p\u00e5 v\u00e5ra sociala n\u00e4tverk f\u00f6r att uppt\u00e4cka v\u00e5ra videor och inslag bakom kulisserna.<\/p>\n","protected":false},"excerpt":{"rendered":"<p>Drone &amp; Cam \u00e4r din online-referens f\u00f6r allt som r\u00f6r skapande av foto- och videoinneh\u00e5ll . Oavsett om du \u00e4r en dr\u00f6narentusiast , ett 360-graderskamerafan , ett actionkamerafan eller en kreat\u00f6r som letar efter det b\u00e4sta tillbeh\u00f6ret , hj\u00e4lper vi dig att v\u00e4lja, bem\u00e4stra och utnyttja din utrustning fullt ut. V\u00e5rt uppdrag F\u00f6rse v\u00e5r community [&hellip;]<\/p>\n","protected":false},"author":1,"featured_media":0,"parent":0,"menu_order":0,"comment_status":"closed","ping_status":"closed","template":"","meta":{"om_disable_all_campaigns":false,"footnotes":""},"class_list":["post-23529","page","type-page","status-publish","hentry"],"yoast_head":"<!-- This site is optimized with the Yoast SEO Premium plugin v27.4 (Yoast SEO v27.4) - https:\/\/yoast.com\/product\/yoast-seo-premium-wordpress\/ -->\n<title>Om Dr\u00f6nare och kamera - Drone &amp; Cam<\/title>\n<meta name=\"robots\" content=\"index, follow, max-snippet:-1, max-image-preview:large, max-video-preview:-1\" \/>\n<link rel=\"canonical\" href=\"https:\/\/droneandcam.com\/sv\/om-dronare-och-kamera\/\" \/>\n<meta property=\"og:locale\" content=\"sv_SE\" \/>\n<meta property=\"og:type\" content=\"article\" \/>\n<meta property=\"og:title\" content=\"Om Dr\u00f6nare och kamera\" \/>\n<meta property=\"og:description\" content=\"Drone &amp; Cam \u00e4r din online-referens f\u00f6r allt som r\u00f6r skapande av foto- och videoinneh\u00e5ll . Oavsett om du \u00e4r en dr\u00f6narentusiast , ett 360-graderskamerafan , ett actionkamerafan eller en kreat\u00f6r som letar efter det b\u00e4sta tillbeh\u00f6ret , hj\u00e4lper vi dig att v\u00e4lja, bem\u00e4stra och utnyttja din utrustning fullt ut. V\u00e5rt uppdrag F\u00f6rse v\u00e5r community [&hellip;]\" \/>\n<meta property=\"og:url\" content=\"https:\/\/droneandcam.com\/sv\/om-dronare-och-kamera\/\" \/>\n<meta property=\"og:site_name\" content=\"Drone &amp; Cam\" \/>\n<meta property=\"article:modified_time\" content=\"2025-08-31T18:14:38+00:00\" \/>\n<meta name=\"twitter:card\" content=\"summary_large_image\" \/>\n<meta name=\"twitter:label1\" content=\"Ber\u00e4knad l\u00e4stid\" \/>\n\t<meta name=\"twitter:data1\" content=\"2 minuter\" \/>\n<script type=\"application\/ld+json\" class=\"yoast-schema-graph\">{\"@context\":\"https:\\\/\\\/schema.org\",\"@graph\":[{\"@type\":\"WebPage\",\"@id\":\"https:\\\/\\\/droneandcam.com\\\/sv\\\/om-dronare-och-kamera\\\/\",\"url\":\"https:\\\/\\\/droneandcam.com\\\/sv\\\/om-dronare-och-kamera\\\/\",\"name\":\"Om Dr\u00f6nare och kamera - Drone &amp; Cam\",\"isPartOf\":{\"@id\":\"https:\\\/\\\/droneandcam.com\\\/sv\\\/#website\"},\"datePublished\":\"2025-08-12T07:28:32+00:00\",\"dateModified\":\"2025-08-31T18:14:38+00:00\",\"breadcrumb\":{\"@id\":\"https:\\\/\\\/droneandcam.com\\\/sv\\\/om-dronare-och-kamera\\\/#breadcrumb\"},\"inLanguage\":\"sv-SE\",\"potentialAction\":[{\"@type\":\"ReadAction\",\"target\":[\"https:\\\/\\\/droneandcam.com\\\/sv\\\/om-dronare-och-kamera\\\/\"]}]},{\"@type\":\"BreadcrumbList\",\"@id\":\"https:\\\/\\\/droneandcam.com\\\/sv\\\/om-dronare-och-kamera\\\/#breadcrumb\",\"itemListElement\":[{\"@type\":\"ListItem\",\"position\":1,\"name\":\"Accueil\",\"item\":\"https:\\\/\\\/droneandcam.com\\\/sv\\\/\"},{\"@type\":\"ListItem\",\"position\":2,\"name\":\"Om Dr\u00f6nare och kamera\"}]},{\"@type\":\"WebSite\",\"@id\":\"https:\\\/\\\/droneandcam.com\\\/sv\\\/#website\",\"url\":\"https:\\\/\\\/droneandcam.com\\\/sv\\\/\",\"name\":\"Drone & Cam\",\"description\":\"Shoot. Fly. Repeat.\",\"publisher\":{\"@id\":\"https:\\\/\\\/droneandcam.com\\\/sv\\\/#organization\"},\"potentialAction\":[{\"@type\":\"SearchAction\",\"target\":{\"@type\":\"EntryPoint\",\"urlTemplate\":\"https:\\\/\\\/droneandcam.com\\\/sv\\\/?s={search_term_string}\"},\"query-input\":{\"@type\":\"PropertyValueSpecification\",\"valueRequired\":true,\"valueName\":\"search_term_string\"}}],\"inLanguage\":\"sv-SE\"},{\"@type\":\"Organization\",\"@id\":\"https:\\\/\\\/droneandcam.com\\\/sv\\\/#organization\",\"name\":\"Drone & Cam\",\"url\":\"https:\\\/\\\/droneandcam.com\\\/sv\\\/\",\"logo\":{\"@type\":\"ImageObject\",\"inLanguage\":\"sv-SE\",\"@id\":\"https:\\\/\\\/droneandcam.com\\\/sv\\\/#\\\/schema\\\/logo\\\/image\\\/\",\"url\":\"https:\\\/\\\/droneandcam.com\\\/wp-content\\\/uploads\\\/2026\\\/02\\\/cropped-ChatGPT_Image_7_aout_2025_a_12_02_31-removebg-preview-150x150-2.avif\",\"contentUrl\":\"https:\\\/\\\/droneandcam.com\\\/wp-content\\\/uploads\\\/2026\\\/02\\\/cropped-ChatGPT_Image_7_aout_2025_a_12_02_31-removebg-preview-150x150-2.avif\",\"width\":150,\"height\":150,\"caption\":\"Drone & Cam\"},\"image\":{\"@id\":\"https:\\\/\\\/droneandcam.com\\\/sv\\\/#\\\/schema\\\/logo\\\/image\\\/\"}}]}<\/script>\n<!-- \/ Yoast SEO Premium plugin. -->","yoast_head_json":{"title":"Om Dr\u00f6nare och kamera - Drone &amp; Cam","robots":{"index":"index","follow":"follow","max-snippet":"max-snippet:-1","max-image-preview":"max-image-preview:large","max-video-preview":"max-video-preview:-1"},"canonical":"https:\/\/droneandcam.com\/sv\/om-dronare-och-kamera\/","og_locale":"sv_SE","og_type":"article","og_title":"Om Dr\u00f6nare och kamera","og_description":"Drone &amp; Cam \u00e4r din online-referens f\u00f6r allt som r\u00f6r skapande av foto- och videoinneh\u00e5ll . Oavsett om du \u00e4r en dr\u00f6narentusiast , ett 360-graderskamerafan , ett actionkamerafan eller en kreat\u00f6r som letar efter det b\u00e4sta tillbeh\u00f6ret , hj\u00e4lper vi dig att v\u00e4lja, bem\u00e4stra och utnyttja din utrustning fullt ut. V\u00e5rt uppdrag F\u00f6rse v\u00e5r community [&hellip;]","og_url":"https:\/\/droneandcam.com\/sv\/om-dronare-och-kamera\/","og_site_name":"Drone &amp; Cam","article_modified_time":"2025-08-31T18:14:38+00:00","twitter_card":"summary_large_image","twitter_misc":{"Ber\u00e4knad l\u00e4stid":"2 minuter"},"schema":{"@context":"https:\/\/schema.org","@graph":[{"@type":"WebPage","@id":"https:\/\/droneandcam.com\/sv\/om-dronare-och-kamera\/","url":"https:\/\/droneandcam.com\/sv\/om-dronare-och-kamera\/","name":"Om Dr\u00f6nare och kamera - Drone &amp; Cam","isPartOf":{"@id":"https:\/\/droneandcam.com\/sv\/#website"},"datePublished":"2025-08-12T07:28:32+00:00","dateModified":"2025-08-31T18:14:38+00:00","breadcrumb":{"@id":"https:\/\/droneandcam.com\/sv\/om-dronare-och-kamera\/#breadcrumb"},"inLanguage":"sv-SE","potentialAction":[{"@type":"ReadAction","target":["https:\/\/droneandcam.com\/sv\/om-dronare-och-kamera\/"]}]},{"@type":"BreadcrumbList","@id":"https:\/\/droneandcam.com\/sv\/om-dronare-och-kamera\/#breadcrumb","itemListElement":[{"@type":"ListItem","position":1,"name":"Accueil","item":"https:\/\/droneandcam.com\/sv\/"},{"@type":"ListItem","position":2,"name":"Om Dr\u00f6nare och kamera"}]},{"@type":"WebSite","@id":"https:\/\/droneandcam.com\/sv\/#website","url":"https:\/\/droneandcam.com\/sv\/","name":"Drone & Cam","description":"Shoot. Fly. Repeat.","publisher":{"@id":"https:\/\/droneandcam.com\/sv\/#organization"},"potentialAction":[{"@type":"SearchAction","target":{"@type":"EntryPoint","urlTemplate":"https:\/\/droneandcam.com\/sv\/?s={search_term_string}"},"query-input":{"@type":"PropertyValueSpecification","valueRequired":true,"valueName":"search_term_string"}}],"inLanguage":"sv-SE"},{"@type":"Organization","@id":"https:\/\/droneandcam.com\/sv\/#organization","name":"Drone & Cam","url":"https:\/\/droneandcam.com\/sv\/","logo":{"@type":"ImageObject","inLanguage":"sv-SE","@id":"https:\/\/droneandcam.com\/sv\/#\/schema\/logo\/image\/","url":"https:\/\/droneandcam.com\/wp-content\/uploads\/2026\/02\/cropped-ChatGPT_Image_7_aout_2025_a_12_02_31-removebg-preview-150x150-2.avif","contentUrl":"https:\/\/droneandcam.com\/wp-content\/uploads\/2026\/02\/cropped-ChatGPT_Image_7_aout_2025_a_12_02_31-removebg-preview-150x150-2.avif","width":150,"height":150,"caption":"Drone & Cam"},"image":{"@id":"https:\/\/droneandcam.com\/sv\/#\/schema\/logo\/image\/"}}]}},"_links":{"self":[{"href":"https:\/\/droneandcam.com\/sv\/wp-json\/wp\/v2\/pages\/23529","targetHints":{"allow":["GET"]}}],"collection":[{"href":"https:\/\/droneandcam.com\/sv\/wp-json\/wp\/v2\/pages"}],"about":[{"href":"https:\/\/droneandcam.com\/sv\/wp-json\/wp\/v2\/types\/page"}],"author":[{"embeddable":true,"href":"https:\/\/droneandcam.com\/sv\/wp-json\/wp\/v2\/users\/1"}],"replies":[{"embeddable":true,"href":"https:\/\/droneandcam.com\/sv\/wp-json\/wp\/v2\/comments?post=23529"}],"version-history":[{"count":1,"href":"https:\/\/droneandcam.com\/sv\/wp-json\/wp\/v2\/pages\/23529\/revisions"}],"predecessor-version":[{"id":23538,"href":"https:\/\/droneandcam.com\/sv\/wp-json\/wp\/v2\/pages\/23529\/revisions\/23538"}],"wp:attachment":[{"href":"https:\/\/droneandcam.com\/sv\/wp-json\/wp\/v2\/media?parent=23529"}],"curies":[{"name":"wp","href":"https:\/\/api.w.org\/{rel}","templated":true}]}}