{"id":43030,"date":"2025-12-06T22:10:36","date_gmt":"2025-12-06T18:10:36","guid":{"rendered":"https:\/\/droneandcam.com\/%e3%83%89%e3%83%ad%e3%83%bc%e3%83%b3%e6%af%94%e8%bc%83%e3%83%84%e3%83%bc%e3%83%ab\/"},"modified":"2026-04-04T16:30:43","modified_gmt":"2026-04-04T12:30:43","slug":"%e3%83%89%e3%83%ad%e3%83%bc%e3%83%b3%e6%af%94%e8%bc%83%e3%83%84%e3%83%bc%e3%83%ab","status":"publish","type":"page","link":"https:\/\/droneandcam.com\/ja\/%e3%83%89%e3%83%ad%e3%83%bc%e3%83%b3%e6%af%94%e8%bc%83%e3%83%84%e3%83%bc%e3%83%ab\/","title":{"rendered":"\u30c9\u30ed\u30fc\u30f3\u6bd4\u8f03\u30c4\u30fc\u30eb"},"content":{"rendered":"\n<style>.dc-compare-root {\n    width: 100%;\n    background: linear-gradient(135deg, #050816, #111827);\n    color: #f9fafb;\n    padding: 40px 16px;\n    box-sizing: border-box;\n  }\n\n  .dc-compare-inner {\n    max-width: 1200px;\n    margin: 0 auto;\n  }\n\n  .dc-compare-title {\n    font-size: 2rem;\n    font-weight: 700;\n    text-align: center;\n    margin-bottom: 8px;\n  }\n\n  .dc-compare-subtitle {\n    text-align: center;\n    font-size: 0.95rem;\n    color: #9ca3af;\n    margin-bottom: 24px;\n  }\n\n  .dc-compare-select-row {\n    display: flex;\n    flex-wrap: wrap;\n    gap: 12px;\n    margin-bottom: 24px;\n    justify-content: center;\n  }\n\n  .dc-compare-select-row select {\n    min-width: 220px;\n    padding: 10px 12px;\n    border-radius: 999px;\n    border: 1px solid #4b5563;\n    background: #030712;\n    color: #f9fafb;\n    font-size: 0.95rem;\n  }\n\n  .dc-compare-select-row select:focus {\n    outline: none;\n    border-color: #f59e0b;\n    box-shadow: 0 0 0 1px #f59e0b33;\n  }\n\n  .dc-compare-table-wrapper {\n    width: 100%;\n    overflow-x: auto;\n    border-radius: 16px;\n    background: #020617;\n    box-shadow: 0 20px 45px rgba(0,0,0,0.45);\n  }\n\n  table.dc-compare-table {\n    width: 100%;\n    border-collapse: collapse;\n    min-width: 700px;\n  }\n\n  table.dc-compare-table thead th {\n    background: #0b1120;\n    padding: 14px 10px;\n    font-size: 0.9rem;\n    text-transform: uppercase;\n    letter-spacing: 0.06em;\n    border-bottom: 1px solid #1f2937;\n  }\n\n  table.dc-compare-table tbody th {\n    background: #020617;\n    text-align: left;\n    padding: 10px;\n    font-size: 0.9rem;\n    border-bottom: 1px solid #111827;\n    white-space: nowrap;\n  }\n\n  table.dc-compare-table td {\n    text-align: center;\n    padding: 10px;\n    font-size: 0.9rem;\n    border-bottom: 1px solid #111827;\n  }\n\n  table.dc-compare-table tbody tr:nth-child(even) td {\n    background: #020617;\n  }\n\n  table.dc-compare-table tbody tr:nth-child(odd) td {\n    background: #030712;\n  }\n\n  .dc-empty {\n    color: #4b5563;\n    font-style: italic;\n  }\n\n  .dc-drone-name {\n    font-weight: 600;\n  }\n\n  .dc-brand-badge {\n    display: inline-flex;\n    align-items: center;\n    gap: 4px;\n    padding: 3px 8px;\n    border-radius: 999px;\n    font-size: 0.7rem;\n    background: #111827;\n    color: #e5e7eb;\n  }\n\n  .dc-brand-badge span {\n    font-size: 0.8rem;\n  }\n\n  .dc-btn-buy {\n    display: inline-block;\n    margin-top: 6px;\n    padding: 9px 16px;\n    border-radius: 999px;\n    background: #f59e0b;\n    color: #111827;\n    font-weight: 700;\n    font-size: 0.85rem;\n    text-decoration: none;\n    transition: transform 0.1s ease, box-shadow 0.1s ease, background 0.1s ease;\n  }\n\n  .dc-btn-buy:hover {\n    background: #fbbf24;\n    box-shadow: 0 10px 25px rgba(245,158,11,0.35);\n    transform: translateY(-1px);\n  }\n\n  .dc-btn-buy:active {\n    transform: translateY(0);\n    box-shadow: none;\n  }\n\n  @media (max-width: 768px) {\n    .dc-compare-title {\n      font-size: 1.6rem;\n    }\n    .dc-compare-subtitle {\n      font-size: 0.85rem;\n    }\n  }\n<\/style><div class=\"dc-compare-root\"><div class=\"dc-compare-inner\"><h2 class=\"dc-compare-title\">Comparer jusqu\u2019\u00e0 3 drones<\/h2><p class=\"dc-compare-subtitle\">S\u00e9lectionne jusqu\u2019\u00e0 3 mod\u00e8les <a href=\"https:\/\/droneandcam.com\/ja\/post\/dji-osmo-pocket-3-%e3%81%a8-dji-osmo-pocket-2-%e3%81%ae%e6%af%94%e8%bc%83\/\">DJI<\/a>, HOVERAir ou Antigravity pour comparer les caract\u00e9ristiques\n      cl\u00e9s avant d\u2019acheter.\n    <\/p><div class=\"dc-compare-select-row\"><select class=\"dc-drone-select\" data-col=\"1\"><option value=\"\">\u2014 Choisir un drone \u2014<\/option><\/select><select class=\"dc-drone-select\" data-col=\"2\"><option value=\"\">\u2014 Choisir un drone \u2014<\/option><\/select><select class=\"dc-drone-select\" data-col=\"3\"><option value=\"\">\u2014 Choisir un drone \u2014<\/option><\/select><\/div><div class=\"dc-compare-table-wrapper\"><table class=\"dc-compare-table\"><thead><tr><th>Caract\u00e9ristiques<\/th><th id=\"dc-col-1\">Drone 1<\/th><th id=\"dc-col-2\">Drone 2<\/th><th id=\"dc-col-3\">Drone 3<\/th><\/tr><\/thead><tbody id=\"dc-compare-body\"><\/tbody><\/table><\/div><\/div><\/div><script>(function() {\n  \/\/ === Donn\u00e9es drones ===\n  const drones = [\n    {brand:\"DJI\",model:\"Mini 5 Pro\",weight:\"249 g\",flight:\"36 min\",sensor:'1\" CMOS',photo:\"50 MP\",video:\"4K\/120 fps\",avoid:\"Omnidirectionnelle + LiDAR\",link:\"https:\/\/geni.us\/DUB5Vb\"},\n    {brand:\"DJI\",model:\"Air 3S\",weight:\"724 g\",flight:\"45 min\",sensor:'1\\\" CMOS + 1\/1.3\\\"',photo:\"50 MP\",video:\"4K\/120 fps\",avoid:\"Omnidirectionnelle + LiDAR\",link:\"https:\/\/geni.us\/NOemowj\"},\n    {brand:\"DJI\",model:\"Mavic 4 Pro\",weight:\"1063 g\",flight:\"51 min\",sensor:'4\/3\\\" CMOS + t\u00e9l\u00e9',photo:\"100 MP\",video:\"6K\/60 fps \u2022 4K\/120 fps\",avoid:\"Omnidirectionnelle\",link:\"https:\/\/geni.us\/QYNCj\"},\n    {brand:\"DJI\",model:\"Mavic 3 Pro\",weight:\"958 g\",flight:\"43 min\",sensor:'4\/3\\\" CMOS + 2 t\u00e9l\u00e9',photo:\"20 MP\",video:\"5.1K\/50 fps \u2022 4K\/120 fps\",avoid:\"Omnidirectionnelle\",link:\"https:\/\/geni.us\/UMeho\"},\n    {brand:\"DJI\",model:\"Flip\",weight:\"249 g\",flight:\"31 min\",sensor:'1\/1.3\\\" CMOS',photo:\"48 MP\",video:\"4K\/60 fps HDR\",avoid:\"Omnidirectionnelle\",link:\"https:\/\/geni.us\/fBS5J\"},\n    {brand:\"DJI\",model:\"Mini 4 Pro\",weight:\"249 g\",flight:\"34 min\",sensor:'1\/1.3\\\" CMOS',photo:\"48 MP\",video:\"4K\/100\u2013120 fps\",avoid:\"Omnidirectionnelle\",link:\"https:\/\/geni.us\/uwiBOc2\"},\n    {brand:\"DJI\",model:\"Mini 4K\",weight:\"246 g\",flight:\"31 min\",sensor:'1\/2.3\\\" CMOS',photo:\"12 MP\",video:\"4K\/30 fps\",avoid:\"Capteurs vers le bas uniquement\",link:\"https:\/\/geni.us\/cXSCcJ\"},\n    {brand:\"DJI\",model:\"Mini 3\",weight:\"248 g\",flight:\"38 min\",sensor:'1\/1.3\\\" CMOS',photo:\"12 MP\",video:\"4K\/30 fps\",avoid:\"Capteurs vers le bas uniquement\",link:\"https:\/\/geni.us\/hGEOQO\"},\n    {brand:\"DJI\",model:\"Air 3\",weight:\"720 g\",flight:\"46 min\",sensor:'1\/1.3\\\" dual',photo:\"48 MP\",video:\"4K\/60 fps HDR\",avoid:\"Omnidirectionnelle\",link:\"https:\/\/geni.us\/n3o27\"},\n    {brand:\"DJI\",model:\"Mini 2 SE\",weight:\"249 g\",flight:\"31 min\",sensor:'1\/2.3\\\" CMOS',photo:\"12 MP\",video:\"2.7K\/30 fps\",avoid:\"Capteurs vers le bas uniquement\",link:\"https:\/\/geni.us\/GTiyl4t\"},\n    {brand:\"DJI\",model:\"Mavic 3 Classic\",weight:\"895 g\",flight:\"46 min\",sensor:'4\/3\\\" CMOS (Hasselblad)',photo:\"20 MP\",video:\"5.1K\/50 fps \u2022 4K\/120 fps\",avoid:\"Omnidirectionnelle\",link:\"https:\/\/geni.us\/k69huzM\"},\n    {brand:\"DJI\",model:\"Mini 2\",weight:\"249 g\",flight:\"31 min\",sensor:'1\/2.3\\\" CMOS',photo:\"12 MP\",video:\"4K\/30 fps\",avoid:\"Capteurs vers le bas uniquement\",link:\"https:\/\/geni.us\/MAnh5dY\"},\n    {brand:\"DJI\",model:\"Mini 3 Pro\",weight:\"249 g\",flight:\"34 min\",sensor:'1\/1.3\\\" CMOS',photo:\"48 MP\",video:\"4K\/60 fps\",avoid:\"Omnidirectionnelle\",link:\"https:\/\/geni.us\/eUbq0AQ\"},\n    {brand:\"DJI\",model:\"Mini SE\",weight:\"249 g\",flight:\"30 min\",sensor:'1\/2.3\\\" CMOS',photo:\"12 MP\",video:\"2.7K\/30 fps\",avoid:\"Capteurs vers le bas uniquement\",link:\"https:\/\/geni.us\/4CtTk\"},\n    {brand:\"DJI\",model:\"Air 2S\",weight:\"595 g\",flight:\"31 min\",sensor:'1\\\" CMOS',photo:\"20 MP\",video:\"5.4K\/30 fps\",avoid:\"Obstacle \u00e9vitement AV\/AR\/Bas\",link:\"https:\/\/geni.us\/Stteqm\"},\n    {brand:\"DJI\",model:\"Mavic Air 2\",weight:\"570 g\",flight:\"34 min\",sensor:'1\/2\\\" CMOS',photo:\"48 MP\",video:\"4K\/60 fps\",avoid:\"Obstacle \u00e9vitement AV\/AR\/Bas\",link:\"https:\/\/geni.us\/st5Ov\"},\n    {brand:\"DJI\",model:\"Mavic 2 Pro\",weight:\"907 g\",flight:\"31 min\",sensor:'1\\\" CMOS',photo:\"20 MP\",video:\"4K\/30 fps\",avoid:\"Obstacle \u00e9vitement AV\/AR\/Bas\",link:\"https:\/\/geni.us\/P48DhEl\"},\n    {brand:\"DJI\",model:\"Mavic 2 Zoom\",weight:\"905 g\",flight:\"31 min\",sensor:'1\/2.3\\\" CMOS',photo:\"12 MP\",video:\"4K\/30 fps\",avoid:\"Obstacle \u00e9vitement AV\/AR\/Bas\",link:\"https:\/\/geni.us\/cWLdZXX\"},\n    {brand:\"DJI\",model:\"Avata 2\",weight:\"377 g\",flight:\"23 min\",sensor:'1\/1.3\\\" CMOS',photo:\"48 MP\",video:\"4K\/60 fps \u2022 2.7K\/120 fps\",avoid:\"Pas d\u2019\u00e9vitement (FPV)\",link:\"https:\/\/geni.us\/QIMXhZs\"},\n\n    {brand:\"HOVERAir\",model:\"X1\",weight:\"125 g\",flight:\"11.5 min\",sensor:'1\/2.3\\\" CMOS',photo:\"12 MP\",video:\"2.7K\/30 fps \u2022 1080p\/60 fps\",avoid:\"Drone selfie prot\u00e9g\u00e9\",link:\"https:\/\/geni.us\/hTOYOxd\"},\n    {brand:\"HOVERAir\",model:\"X1 Pro\",weight:\"191.5 g\",flight:\"16 min\",sensor:'1\/2\\\" CMOS',photo:\"12 MP\",video:\"4K\/60 fps\",avoid:\"Drone selfie prot\u00e9g\u00e9\",link:\"https:\/\/geni.us\/E6N4Fw\"},\n    {brand:\"HOVERAir\",model:\"X1 Pro Max\",weight:\"196 g\",flight:\"16 min\",sensor:'1\/1.3\\\" CMOS',photo:\"48 MP\",video:\"8K\/30 fps \u2022 4K\/120 fps\",avoid:\"Drone selfie prot\u00e9g\u00e9\",link:\"https:\/\/geni.us\/OCNdi\"},\n\n    {brand:\"Antigravity\",model:\"A1\",weight:\"249 g\",flight:\"24\u201339 min\",sensor:'Dual 1\/1.28\\\" CMOS (360\u00b0)',photo:\"55 MP\",video:\"8K\/30 fps 360\u00b0\",avoid:\"Omnidirectionnelle\",link:\"https:\/\/www.antigravity.tech\/drone\/antigravity-a1\/buy?utm_term=AGRRLOV\"}\n  ];\n\n  const features = [\n    {key:\"name\", label:\"Mod\u00e8le\"},\n    {key:\"weight\", label:\"Poids\"},\n    {key:\"flight\", label:\"Autonomie annonc\u00e9e\"},\n    {key:\"sensor\", label:\"Capteur\"},\n    {key:\"photo\", label:\"Photo\"},\n    {key:\"video\", label:\"Vid\u00e9o\"},\n    {key:\"avoid\", label:\"\u00c9vitement d\u2019obstacles\"},\n    {key:\"buy\", label:\"Acheter\"}\n  ];\n\n  const selects = document.querySelectorAll(\".dc-drone-select\");\n  const tbody = document.getElementById(\"dc-compare-body\");\n\n  \/\/ Remplir les listes d\u00e9roulantes\n  selects.forEach(sel => {\n    drones.forEach(d => {\n      const opt = document.createElement(\"option\");\n      opt.value = d.brand + \"||\" + d.model;\n      opt.textContent = d.brand + \" \" + d.model;\n      sel.appendChild(opt);\n    });\n  });\n\n  function getSelectedDrone(col) {\n    const sel = document.querySelector('.dc-drone-select[data-col=\"'+col+'\"]');\n    if (!sel || !sel.value) return null;\n    const [brand, model] = sel.value.split(\"||\");\n    return drones.find(d => d.brand === brand && d.model === model) || null;\n  }\n\n  function updateHeaders() {\n    for (let col = 1; col <= 3; col++) {\n      const header = document.getElementById(\"dc-col-\" + col);\n      const drone = getSelectedDrone(col);\n      header.textContent = drone ? (drone.brand + \" \" + drone.model) : (\"Drone \" + col);\n    }\n  }\n\n  function updateTable() {\n    tbody.innerHTML = \"\";\n    updateHeaders();\n\n    features.forEach(feat => {\n      const tr = document.createElement(\"tr\");\n      tr.innerHTML = '<th>' + feat.label + '';\n\n      for (let col = 1; col <= 3; col++) {\n        const drone = getSelectedDrone(col);\n        let html = '<span class=\"dc-empty\">\u2014';\n\n        if (drone) {\n          if (feat.key === \"name\") {\n            html = '<div class=\"dc-drone-name\">' + drone.model + '<\/script>","protected":false},"excerpt":{"rendered":"<p>Comparer jusqu\u2019\u00e0 3 drones S\u00e9lectionne jusqu\u2019\u00e0 3 mod\u00e8les DJI, HOVERAir ou Antigravity pour comparer les caract\u00e9 [&hellip;]<\/p>\n","protected":false},"author":1,"featured_media":0,"parent":0,"menu_order":0,"comment_status":"closed","ping_status":"closed","template":"","meta":{"om_disable_all_campaigns":false,"footnotes":""},"class_list":["post-43030","page","type-page","status-publish","hentry"],"yoast_head":"<!-- This site is optimized with the Yoast SEO Premium plugin v27.3 (Yoast SEO v27.3) - https:\/\/yoast.com\/product\/yoast-seo-premium-wordpress\/ -->\n<title>\u30c9\u30ed\u30fc\u30f3\u6bd4\u8f03\u30c4\u30fc\u30eb - Drone &amp; Cam<\/title>\n<meta name=\"description\" content=\"\u5f53\u793e\u306e\u30c9\u30ed\u30fc\u30f3\u6bd4\u8f03\u30c4\u30fc\u30eb\u3092\u4f7f\u3048\u3070\u3001DJI\u3001HOVERAir\u3001Antigravity\u306e\u5404\u30e2\u30c7\u30eb\u304b\u3089\u7c21\u5358\u306b\u6700\u9069\u306a\u30e2\u30c7\u30eb\u3092\u9078\u3076\u3053\u3068\u304c\u3067\u304d\u307e\u3059\u3002\" \/>\n<meta name=\"robots\" content=\"index, follow, max-snippet:-1, max-image-preview:large, max-video-preview:-1\" \/>\n<link rel=\"canonical\" href=\"https:\/\/droneandcam.com\/ja\/%e3%83%89%e3%83%ad%e3%83%bc%e3%83%b3%e6%af%94%e8%bc%83%e3%83%84%e3%83%bc%e3%83%ab\/\" \/>\n<meta property=\"og:locale\" content=\"ja_JP\" \/>\n<meta property=\"og:type\" content=\"article\" \/>\n<meta property=\"og:title\" content=\"\u30c9\u30ed\u30fc\u30f3\u6bd4\u8f03\u30c4\u30fc\u30eb\" \/>\n<meta property=\"og:description\" content=\"\u5f53\u793e\u306e\u30c9\u30ed\u30fc\u30f3\u6bd4\u8f03\u30c4\u30fc\u30eb\u3092\u4f7f\u3048\u3070\u3001DJI\u3001HOVERAir\u3001Antigravity\u306e\u5404\u30e2\u30c7\u30eb\u304b\u3089\u7c21\u5358\u306b\u6700\u9069\u306a\u30e2\u30c7\u30eb\u3092\u9078\u3076\u3053\u3068\u304c\u3067\u304d\u307e\u3059\u3002\" \/>\n<meta property=\"og:url\" content=\"https:\/\/droneandcam.com\/ja\/%e3%83%89%e3%83%ad%e3%83%bc%e3%83%b3%e6%af%94%e8%bc%83%e3%83%84%e3%83%bc%e3%83%ab\/\" \/>\n<meta property=\"og:site_name\" content=\"Drone &amp; Cam\" \/>\n<meta property=\"article:modified_time\" content=\"2026-04-04T12:30:43+00:00\" \/>\n<meta name=\"twitter:card\" content=\"summary_large_image\" \/>\n<script type=\"application\/ld+json\" class=\"yoast-schema-graph\">{\"@context\":\"https:\\\/\\\/schema.org\",\"@graph\":[{\"@type\":\"WebPage\",\"@id\":\"https:\\\/\\\/droneandcam.com\\\/ja\\\/%e3%83%89%e3%83%ad%e3%83%bc%e3%83%b3%e6%af%94%e8%bc%83%e3%83%84%e3%83%bc%e3%83%ab\\\/\",\"url\":\"https:\\\/\\\/droneandcam.com\\\/ja\\\/%e3%83%89%e3%83%ad%e3%83%bc%e3%83%b3%e6%af%94%e8%bc%83%e3%83%84%e3%83%bc%e3%83%ab\\\/\",\"name\":\"\u30c9\u30ed\u30fc\u30f3\u6bd4\u8f03\u30c4\u30fc\u30eb - Drone &amp; Cam\",\"isPartOf\":{\"@id\":\"https:\\\/\\\/droneandcam.com\\\/ja\\\/#website\"},\"datePublished\":\"2025-12-06T18:10:36+00:00\",\"dateModified\":\"2026-04-04T12:30:43+00:00\",\"description\":\"\u5f53\u793e\u306e\u30c9\u30ed\u30fc\u30f3\u6bd4\u8f03\u30c4\u30fc\u30eb\u3092\u4f7f\u3048\u3070\u3001DJI\u3001HOVERAir\u3001Antigravity\u306e\u5404\u30e2\u30c7\u30eb\u304b\u3089\u7c21\u5358\u306b\u6700\u9069\u306a\u30e2\u30c7\u30eb\u3092\u9078\u3076\u3053\u3068\u304c\u3067\u304d\u307e\u3059\u3002\",\"breadcrumb\":{\"@id\":\"https:\\\/\\\/droneandcam.com\\\/ja\\\/%e3%83%89%e3%83%ad%e3%83%bc%e3%83%b3%e6%af%94%e8%bc%83%e3%83%84%e3%83%bc%e3%83%ab\\\/#breadcrumb\"},\"inLanguage\":\"ja\",\"potentialAction\":[{\"@type\":\"ReadAction\",\"target\":[\"https:\\\/\\\/droneandcam.com\\\/ja\\\/%e3%83%89%e3%83%ad%e3%83%bc%e3%83%b3%e6%af%94%e8%bc%83%e3%83%84%e3%83%bc%e3%83%ab\\\/\"]}]},{\"@type\":\"BreadcrumbList\",\"@id\":\"https:\\\/\\\/droneandcam.com\\\/ja\\\/%e3%83%89%e3%83%ad%e3%83%bc%e3%83%b3%e6%af%94%e8%bc%83%e3%83%84%e3%83%bc%e3%83%ab\\\/#breadcrumb\",\"itemListElement\":[{\"@type\":\"ListItem\",\"position\":1,\"name\":\"Accueil\",\"item\":\"https:\\\/\\\/droneandcam.com\\\/ja\\\/\"},{\"@type\":\"ListItem\",\"position\":2,\"name\":\"\u30c9\u30ed\u30fc\u30f3\u6bd4\u8f03\u30c4\u30fc\u30eb\"}]},{\"@type\":\"WebSite\",\"@id\":\"https:\\\/\\\/droneandcam.com\\\/ja\\\/#website\",\"url\":\"https:\\\/\\\/droneandcam.com\\\/ja\\\/\",\"name\":\"Drone & Cam\",\"description\":\"Shoot. Fly. Repeat.\",\"publisher\":{\"@id\":\"https:\\\/\\\/droneandcam.com\\\/ja\\\/#organization\"},\"potentialAction\":[{\"@type\":\"SearchAction\",\"target\":{\"@type\":\"EntryPoint\",\"urlTemplate\":\"https:\\\/\\\/droneandcam.com\\\/ja\\\/?s={search_term_string}\"},\"query-input\":{\"@type\":\"PropertyValueSpecification\",\"valueRequired\":true,\"valueName\":\"search_term_string\"}}],\"inLanguage\":\"ja\"},{\"@type\":\"Organization\",\"@id\":\"https:\\\/\\\/droneandcam.com\\\/ja\\\/#organization\",\"name\":\"Drone & Cam\",\"url\":\"https:\\\/\\\/droneandcam.com\\\/ja\\\/\",\"logo\":{\"@type\":\"ImageObject\",\"inLanguage\":\"ja\",\"@id\":\"https:\\\/\\\/droneandcam.com\\\/ja\\\/#\\\/schema\\\/logo\\\/image\\\/\",\"url\":\"https:\\\/\\\/droneandcam.com\\\/wp-content\\\/uploads\\\/2026\\\/02\\\/cropped-ChatGPT_Image_7_aout_2025_a_12_02_31-removebg-preview-150x150-2.avif\",\"contentUrl\":\"https:\\\/\\\/droneandcam.com\\\/wp-content\\\/uploads\\\/2026\\\/02\\\/cropped-ChatGPT_Image_7_aout_2025_a_12_02_31-removebg-preview-150x150-2.avif\",\"width\":150,\"height\":150,\"caption\":\"Drone & Cam\"},\"image\":{\"@id\":\"https:\\\/\\\/droneandcam.com\\\/ja\\\/#\\\/schema\\\/logo\\\/image\\\/\"}}]}<\/script>\n<!-- \/ Yoast SEO Premium plugin. -->","yoast_head_json":{"title":"\u30c9\u30ed\u30fc\u30f3\u6bd4\u8f03\u30c4\u30fc\u30eb - Drone &amp; Cam","description":"\u5f53\u793e\u306e\u30c9\u30ed\u30fc\u30f3\u6bd4\u8f03\u30c4\u30fc\u30eb\u3092\u4f7f\u3048\u3070\u3001DJI\u3001HOVERAir\u3001Antigravity\u306e\u5404\u30e2\u30c7\u30eb\u304b\u3089\u7c21\u5358\u306b\u6700\u9069\u306a\u30e2\u30c7\u30eb\u3092\u9078\u3076\u3053\u3068\u304c\u3067\u304d\u307e\u3059\u3002","robots":{"index":"index","follow":"follow","max-snippet":"max-snippet:-1","max-image-preview":"max-image-preview:large","max-video-preview":"max-video-preview:-1"},"canonical":"https:\/\/droneandcam.com\/ja\/%e3%83%89%e3%83%ad%e3%83%bc%e3%83%b3%e6%af%94%e8%bc%83%e3%83%84%e3%83%bc%e3%83%ab\/","og_locale":"ja_JP","og_type":"article","og_title":"\u30c9\u30ed\u30fc\u30f3\u6bd4\u8f03\u30c4\u30fc\u30eb","og_description":"\u5f53\u793e\u306e\u30c9\u30ed\u30fc\u30f3\u6bd4\u8f03\u30c4\u30fc\u30eb\u3092\u4f7f\u3048\u3070\u3001DJI\u3001HOVERAir\u3001Antigravity\u306e\u5404\u30e2\u30c7\u30eb\u304b\u3089\u7c21\u5358\u306b\u6700\u9069\u306a\u30e2\u30c7\u30eb\u3092\u9078\u3076\u3053\u3068\u304c\u3067\u304d\u307e\u3059\u3002","og_url":"https:\/\/droneandcam.com\/ja\/%e3%83%89%e3%83%ad%e3%83%bc%e3%83%b3%e6%af%94%e8%bc%83%e3%83%84%e3%83%bc%e3%83%ab\/","og_site_name":"Drone &amp; Cam","article_modified_time":"2026-04-04T12:30:43+00:00","twitter_card":"summary_large_image","schema":{"@context":"https:\/\/schema.org","@graph":[{"@type":"WebPage","@id":"https:\/\/droneandcam.com\/ja\/%e3%83%89%e3%83%ad%e3%83%bc%e3%83%b3%e6%af%94%e8%bc%83%e3%83%84%e3%83%bc%e3%83%ab\/","url":"https:\/\/droneandcam.com\/ja\/%e3%83%89%e3%83%ad%e3%83%bc%e3%83%b3%e6%af%94%e8%bc%83%e3%83%84%e3%83%bc%e3%83%ab\/","name":"\u30c9\u30ed\u30fc\u30f3\u6bd4\u8f03\u30c4\u30fc\u30eb - Drone &amp; Cam","isPartOf":{"@id":"https:\/\/droneandcam.com\/ja\/#website"},"datePublished":"2025-12-06T18:10:36+00:00","dateModified":"2026-04-04T12:30:43+00:00","description":"\u5f53\u793e\u306e\u30c9\u30ed\u30fc\u30f3\u6bd4\u8f03\u30c4\u30fc\u30eb\u3092\u4f7f\u3048\u3070\u3001DJI\u3001HOVERAir\u3001Antigravity\u306e\u5404\u30e2\u30c7\u30eb\u304b\u3089\u7c21\u5358\u306b\u6700\u9069\u306a\u30e2\u30c7\u30eb\u3092\u9078\u3076\u3053\u3068\u304c\u3067\u304d\u307e\u3059\u3002","breadcrumb":{"@id":"https:\/\/droneandcam.com\/ja\/%e3%83%89%e3%83%ad%e3%83%bc%e3%83%b3%e6%af%94%e8%bc%83%e3%83%84%e3%83%bc%e3%83%ab\/#breadcrumb"},"inLanguage":"ja","potentialAction":[{"@type":"ReadAction","target":["https:\/\/droneandcam.com\/ja\/%e3%83%89%e3%83%ad%e3%83%bc%e3%83%b3%e6%af%94%e8%bc%83%e3%83%84%e3%83%bc%e3%83%ab\/"]}]},{"@type":"BreadcrumbList","@id":"https:\/\/droneandcam.com\/ja\/%e3%83%89%e3%83%ad%e3%83%bc%e3%83%b3%e6%af%94%e8%bc%83%e3%83%84%e3%83%bc%e3%83%ab\/#breadcrumb","itemListElement":[{"@type":"ListItem","position":1,"name":"Accueil","item":"https:\/\/droneandcam.com\/ja\/"},{"@type":"ListItem","position":2,"name":"\u30c9\u30ed\u30fc\u30f3\u6bd4\u8f03\u30c4\u30fc\u30eb"}]},{"@type":"WebSite","@id":"https:\/\/droneandcam.com\/ja\/#website","url":"https:\/\/droneandcam.com\/ja\/","name":"Drone & Cam","description":"Shoot. Fly. Repeat.","publisher":{"@id":"https:\/\/droneandcam.com\/ja\/#organization"},"potentialAction":[{"@type":"SearchAction","target":{"@type":"EntryPoint","urlTemplate":"https:\/\/droneandcam.com\/ja\/?s={search_term_string}"},"query-input":{"@type":"PropertyValueSpecification","valueRequired":true,"valueName":"search_term_string"}}],"inLanguage":"ja"},{"@type":"Organization","@id":"https:\/\/droneandcam.com\/ja\/#organization","name":"Drone & Cam","url":"https:\/\/droneandcam.com\/ja\/","logo":{"@type":"ImageObject","inLanguage":"ja","@id":"https:\/\/droneandcam.com\/ja\/#\/schema\/logo\/image\/","url":"https:\/\/droneandcam.com\/wp-content\/uploads\/2026\/02\/cropped-ChatGPT_Image_7_aout_2025_a_12_02_31-removebg-preview-150x150-2.avif","contentUrl":"https:\/\/droneandcam.com\/wp-content\/uploads\/2026\/02\/cropped-ChatGPT_Image_7_aout_2025_a_12_02_31-removebg-preview-150x150-2.avif","width":150,"height":150,"caption":"Drone & Cam"},"image":{"@id":"https:\/\/droneandcam.com\/ja\/#\/schema\/logo\/image\/"}}]}},"_links":{"self":[{"href":"https:\/\/droneandcam.com\/ja\/wp-json\/wp\/v2\/pages\/43030","targetHints":{"allow":["GET"]}}],"collection":[{"href":"https:\/\/droneandcam.com\/ja\/wp-json\/wp\/v2\/pages"}],"about":[{"href":"https:\/\/droneandcam.com\/ja\/wp-json\/wp\/v2\/types\/page"}],"author":[{"embeddable":true,"href":"https:\/\/droneandcam.com\/ja\/wp-json\/wp\/v2\/users\/1"}],"replies":[{"embeddable":true,"href":"https:\/\/droneandcam.com\/ja\/wp-json\/wp\/v2\/comments?post=43030"}],"version-history":[{"count":1,"href":"https:\/\/droneandcam.com\/ja\/wp-json\/wp\/v2\/pages\/43030\/revisions"}],"predecessor-version":[{"id":43031,"href":"https:\/\/droneandcam.com\/ja\/wp-json\/wp\/v2\/pages\/43030\/revisions\/43031"}],"wp:attachment":[{"href":"https:\/\/droneandcam.com\/ja\/wp-json\/wp\/v2\/media?parent=43030"}],"curies":[{"name":"wp","href":"https:\/\/api.w.org\/{rel}","templated":true}]}}