{"id":23564,"date":"2025-08-11T05:38:04","date_gmt":"2025-08-11T01:38:04","guid":{"rendered":"https:\/\/droneandcam.com\/codigo-promocional\/"},"modified":"2026-02-23T02:12:22","modified_gmt":"2026-02-22T22:12:22","slug":"codigo-promocional","status":"publish","type":"page","link":"https:\/\/droneandcam.com\/es\/codigo-promocional\/","title":{"rendered":"C\u00f3digo promocional"},"content":{"rendered":"\n<p>\u00a1Aprovecha nuestros c\u00f3digos promocionales exclusivos de Drone &amp; Cam para ahorrar en tus compras de drones, c\u00e1maras y accesorios!<\/p>\n\n<div data-wp-context=\"{}\" data-wp-interactive=\"core\/query\" data-wp-key=\"24\" data-wp-router-region=\"query-24\" class=\"wp-block-query alignwide is-layout-flow wp-block-query-is-layout-flow\"><ul class=\"columns-2 post-item wp-block-post-template is-layout-grid wp-container-core-post-template-is-layout-02493678 wp-block-post-template-is-layout-grid\"><li data-wp-key=\"post-template-item-10978\" class=\"wp-block-post post-10978 post type-post status-publish format-standard has-post-thumbnail hentry category-codigo-promocional\">\n<figure class=\"wp-block-post-featured-image\"><a href=\"https:\/\/droneandcam.com\/es\/post\/codigo-promo-telesin\/\" target=\"_self\"  ><img loading=\"lazy\" decoding=\"async\" width=\"530\" height=\"250\" src=\"https:\/\/droneandcam.com\/wp-content\/uploads\/2025\/08\/image-227-530x250.avif\" class=\"attachment-blog-thumb size-blog-thumb wp-post-image\" alt=\"C\u00f3digo Promo TELESIN\" style=\"border-radius:20px;object-fit:cover;\" \/><\/a><\/figure>\n\n<h2 style=\"margin-bottom:0;margin-top:var(--wp--preset--spacing--20);\" class=\"wp-block-post-title has-large-font-size\"><a href=\"https:\/\/droneandcam.com\/es\/post\/codigo-promo-telesin\/\" target=\"_self\" >C\u00f3digo Promo TELESIN<\/a><\/h2>\n\n<div style=\"margin-bottom:0;margin-top:var(--wp--preset--spacing--20);\" class=\"wp-block-post-excerpt\"><p class=\"wp-block-post-excerpt__excerpt\">Bienvenido al cautivador mundo de la fotograf\u00eda de 360 grados, donde cada detalle cuenta y cada accesorio juega un papel&hellip; <\/p><\/div>\n\n<div style=\"margin-top:var(--wp--preset--spacing--20);\" class=\"wp-block-post-date\"><time datetime=\"2025-08-08T16:04:48+04:00\">8\/8\/2025<\/time><\/div>\n<\/li><li data-wp-key=\"post-template-item-11836\" class=\"wp-block-post post-11836 post type-post status-publish format-standard has-post-thumbnail hentry category-codigo-promocional\">\n<figure class=\"wp-block-post-featured-image\"><a href=\"https:\/\/droneandcam.com\/es\/post\/codigo-promocional-de-retouch4me-disfruta-de-un-20-de-descuento-en-la-edicion-de-tus-fotos\/\" target=\"_self\"  ><img loading=\"lazy\" decoding=\"async\" width=\"530\" height=\"250\" src=\"https:\/\/droneandcam.com\/wp-content\/uploads\/2025\/08\/image-344-530x250.avif\" class=\"attachment-blog-thumb size-blog-thumb wp-post-image\" alt=\"C\u00f3digo promocional de Retouch4me: \u00a1Disfruta de un 20% de descuento en la edici\u00f3n de tus fotos!\" style=\"border-radius:20px;object-fit:cover;\" \/><\/a><\/figure>\n\n<h2 style=\"margin-bottom:0;margin-top:var(--wp--preset--spacing--20);\" class=\"wp-block-post-title has-large-font-size\"><a href=\"https:\/\/droneandcam.com\/es\/post\/codigo-promocional-de-retouch4me-disfruta-de-un-20-de-descuento-en-la-edicion-de-tus-fotos\/\" target=\"_self\" >C\u00f3digo promocional de Retouch4me: \u00a1Disfruta de un 20% de descuento en la edici\u00f3n de tus fotos!<\/a><\/h2>\n\n<div style=\"margin-bottom:0;margin-top:var(--wp--preset--spacing--20);\" class=\"wp-block-post-excerpt\"><p class=\"wp-block-post-excerpt__excerpt\">\u00bfEst\u00e1s buscando mejorar tus fotos de una manera r\u00e1pida y f\u00e1cil? \u00a1Los plugins de Retouch4me est\u00e1n aqu\u00ed para ayudarte! Tanto&hellip; <\/p><\/div>\n\n<div style=\"margin-top:var(--wp--preset--spacing--20);\" class=\"wp-block-post-date\"><time datetime=\"2025-08-08T16:04:45+04:00\">8\/8\/2025<\/time><\/div>\n<\/li><li data-wp-key=\"post-template-item-11823\" class=\"wp-block-post post-11823 post type-post status-publish format-standard has-post-thumbnail hentry category-camaras-de-360 category-codigo-promocional\">\n<figure class=\"wp-block-post-featured-image\"><a href=\"https:\/\/droneandcam.com\/es\/post\/codigo-promocional-panox-v2\/\" target=\"_self\"  ><img loading=\"lazy\" decoding=\"async\" width=\"530\" height=\"250\" src=\"https:\/\/droneandcam.com\/wp-content\/uploads\/2025\/08\/image-405-530x250.avif\" class=\"attachment-blog-thumb size-blog-thumb wp-post-image\" alt=\"\u00a1C\u00f3digo PROMOCIONAL PanoX V2!\" style=\"border-radius:20px;object-fit:cover;\" \/><\/a><\/figure>\n\n<h2 style=\"margin-bottom:0;margin-top:var(--wp--preset--spacing--20);\" class=\"wp-block-post-title has-large-font-size\"><a href=\"https:\/\/droneandcam.com\/es\/post\/codigo-promocional-panox-v2\/\" target=\"_self\" >\u00a1C\u00f3digo PROMOCIONAL PanoX V2!<\/a><\/h2>\n\n<div style=\"margin-bottom:0;margin-top:var(--wp--preset--spacing--20);\" class=\"wp-block-post-excerpt\"><p class=\"wp-block-post-excerpt__excerpt\">La c\u00e1mara PanoX V2 es la herramienta definitiva para capturar momentos inolvidables de 360\u00b0 con una calidad excepcional. Ya sea&hellip; <\/p><\/div>\n\n<div style=\"margin-top:var(--wp--preset--spacing--20);\" class=\"wp-block-post-date\"><time datetime=\"2025-08-08T16:04:44+04:00\">8\/8\/2025<\/time><\/div>\n<\/li><li data-wp-key=\"post-template-item-11800\" class=\"wp-block-post post-11800 post type-post status-publish format-standard has-post-thumbnail hentry category-codigo-promocional category-sin-categoria\">\n<figure class=\"wp-block-post-featured-image\"><a href=\"https:\/\/droneandcam.com\/es\/post\/codigo-promocional-de-insta360-accesorio-gratuito\/\" target=\"_self\"  ><img loading=\"lazy\" decoding=\"async\" width=\"530\" height=\"250\" src=\"https:\/\/droneandcam.com\/wp-content\/uploads\/2025\/08\/image-476-530x250.avif\" class=\"attachment-blog-thumb size-blog-thumb wp-post-image\" alt=\"C\u00f3digo promocional de Insta360: Accesorio gratuito\" style=\"border-radius:20px;object-fit:cover;\" \/><\/a><\/figure>\n\n<h2 style=\"margin-bottom:0;margin-top:var(--wp--preset--spacing--20);\" class=\"wp-block-post-title has-large-font-size\"><a href=\"https:\/\/droneandcam.com\/es\/post\/codigo-promocional-de-insta360-accesorio-gratuito\/\" target=\"_self\" >C\u00f3digo promocional de Insta360: Accesorio gratuito<\/a><\/h2>\n\n<div style=\"margin-bottom:0;margin-top:var(--wp--preset--spacing--20);\" class=\"wp-block-post-excerpt\"><p class=\"wp-block-post-excerpt__excerpt\">C\u00d3DIGO PROMOCIONAL INSTA360 ACTIVO EN 2025 : INREC7J \u2013 Accesorio gratuito con la compra de una c\u00e1mara. En el din\u00e1mico&hellip; <\/p><\/div>\n\n<div style=\"margin-top:var(--wp--preset--spacing--20);\" class=\"wp-block-post-date\"><time datetime=\"2025-08-08T16:04:35+04:00\">8\/8\/2025<\/time><\/div>\n<\/li><li data-wp-key=\"post-template-item-11785\" class=\"wp-block-post post-11785 post type-post status-publish format-standard has-post-thumbnail hentry category-codigo-promocional category-sin-categoria\">\n<figure class=\"wp-block-post-featured-image\"><a href=\"https:\/\/droneandcam.com\/es\/post\/codigo-de-cupon-klap-app-30-de-descuento-para-transformar-su-estrategia-de-video\/\" target=\"_self\"  ><img loading=\"lazy\" decoding=\"async\" width=\"530\" height=\"250\" src=\"https:\/\/droneandcam.com\/wp-content\/uploads\/2025\/08\/image-884-530x250.avif\" class=\"attachment-blog-thumb size-blog-thumb wp-post-image\" alt=\"C\u00f3digo de cup\u00f3n Klap.app: 30% de descuento para transformar su estrategia de video\" style=\"border-radius:20px;object-fit:cover;\" \/><\/a><\/figure>\n\n<h2 style=\"margin-bottom:0;margin-top:var(--wp--preset--spacing--20);\" class=\"wp-block-post-title has-large-font-size\"><a href=\"https:\/\/droneandcam.com\/es\/post\/codigo-de-cupon-klap-app-30-de-descuento-para-transformar-su-estrategia-de-video\/\" target=\"_self\" >C\u00f3digo de cup\u00f3n Klap.app: 30% de descuento para transformar su estrategia de video<\/a><\/h2>\n\n<div style=\"margin-bottom:0;margin-top:var(--wp--preset--spacing--20);\" class=\"wp-block-post-excerpt\"><p class=\"wp-block-post-excerpt__excerpt\">\ud83c\udfac Transforma tus v\u00eddeos con Klap.app: \u00a1Consigue un 30% de descuento con el c\u00f3digo CREATE30! \u00bfPasas horas creando contenido de&hellip; <\/p><\/div>\n\n<div style=\"margin-top:var(--wp--preset--spacing--20);\" class=\"wp-block-post-date\"><time datetime=\"2025-08-08T16:04:34+04:00\">8\/8\/2025<\/time><\/div>\n<\/li><li data-wp-key=\"post-template-item-11767\" class=\"wp-block-post post-11767 post type-post status-publish format-standard has-post-thumbnail hentry category-codigo-promocional category-sin-categoria\">\n<figure class=\"wp-block-post-featured-image\"><a href=\"https:\/\/droneandcam.com\/es\/post\/codigo-de-cupon-insta360-inrec7j\/\" target=\"_self\"  ><img loading=\"lazy\" decoding=\"async\" width=\"530\" height=\"250\" src=\"https:\/\/droneandcam.com\/wp-content\/uploads\/2025\/08\/image-890-530x250.avif\" class=\"attachment-blog-thumb size-blog-thumb wp-post-image\" alt=\"C\u00f3digo de cup\u00f3n Insta360 INREC7J\" style=\"border-radius:20px;object-fit:cover;\" \/><\/a><\/figure>\n\n<h2 style=\"margin-bottom:0;margin-top:var(--wp--preset--spacing--20);\" class=\"wp-block-post-title has-large-font-size\"><a href=\"https:\/\/droneandcam.com\/es\/post\/codigo-de-cupon-insta360-inrec7j\/\" target=\"_self\" >C\u00f3digo de cup\u00f3n Insta360 INREC7J<\/a><\/h2>\n\n<div style=\"margin-bottom:0;margin-top:var(--wp--preset--spacing--20);\" class=\"wp-block-post-excerpt\"><p class=\"wp-block-post-excerpt__excerpt\">\u00bfEst\u00e1s buscando un c\u00f3digo promocional de Insta360 v\u00e1lido en 2025 para disfrutar de beneficios exclusivos? El c\u00f3digo INREC7J ofrece un&hellip; <\/p><\/div>\n\n<div style=\"margin-top:var(--wp--preset--spacing--20);\" class=\"wp-block-post-date\"><time datetime=\"2025-08-08T16:04:33+04:00\">8\/8\/2025<\/time><\/div>\n<\/li><li data-wp-key=\"post-template-item-11779\" class=\"wp-block-post post-11779 post type-post status-publish format-standard has-post-thumbnail hentry category-codigo-promocional category-sin-categoria\">\n<figure class=\"wp-block-post-featured-image\"><a href=\"https:\/\/droneandcam.com\/es\/post\/codigo-de-cupon-insta360-go-3s\/\" target=\"_self\"  ><img loading=\"lazy\" decoding=\"async\" width=\"530\" height=\"250\" src=\"https:\/\/droneandcam.com\/wp-content\/uploads\/2025\/08\/image-886-530x250.avif\" class=\"attachment-blog-thumb size-blog-thumb wp-post-image\" alt=\"C\u00f3digo de cup\u00f3n Insta360 GO 3S\" style=\"border-radius:20px;object-fit:cover;\" \/><\/a><\/figure>\n\n<h2 style=\"margin-bottom:0;margin-top:var(--wp--preset--spacing--20);\" class=\"wp-block-post-title has-large-font-size\"><a href=\"https:\/\/droneandcam.com\/es\/post\/codigo-de-cupon-insta360-go-3s\/\" target=\"_self\" >C\u00f3digo de cup\u00f3n Insta360 GO 3S<\/a><\/h2>\n\n<div style=\"margin-bottom:0;margin-top:var(--wp--preset--spacing--20);\" class=\"wp-block-post-excerpt\"><p class=\"wp-block-post-excerpt__excerpt\">Imagina capturar cada momento de tus aventuras m\u00e1s atrevidas con una c\u00e1mara tan compacta que cabe en la palma de&hellip; <\/p><\/div>\n\n<div style=\"margin-top:var(--wp--preset--spacing--20);\" class=\"wp-block-post-date\"><time datetime=\"2025-08-08T16:04:33+04:00\">8\/8\/2025<\/time><\/div>\n<\/li><li data-wp-key=\"post-template-item-11695\" class=\"wp-block-post post-11695 post type-post status-publish format-standard has-post-thumbnail hentry category-codigo-promocional category-serie-insta360-ace\">\n<figure class=\"wp-block-post-featured-image\"><a href=\"https:\/\/droneandcam.com\/es\/post\/codigo-promo-insta360-ace-pro\/\" target=\"_self\"  ><img loading=\"lazy\" decoding=\"async\" width=\"530\" height=\"250\" src=\"https:\/\/droneandcam.com\/wp-content\/uploads\/2025\/08\/Insta360-Ace-Ace-Pro-530x250.avif\" class=\"attachment-blog-thumb size-blog-thumb wp-post-image\" alt=\"C\u00f3digo PROMO Insta360 Ace Pro\" style=\"border-radius:20px;object-fit:cover;\" \/><\/a><\/figure>\n\n<h2 style=\"margin-bottom:0;margin-top:var(--wp--preset--spacing--20);\" class=\"wp-block-post-title has-large-font-size\"><a href=\"https:\/\/droneandcam.com\/es\/post\/codigo-promo-insta360-ace-pro\/\" target=\"_self\" >C\u00f3digo PROMO Insta360 Ace Pro<\/a><\/h2>\n\n<div style=\"margin-bottom:0;margin-top:var(--wp--preset--spacing--20);\" class=\"wp-block-post-excerpt\"><p class=\"wp-block-post-excerpt__excerpt\">En el mundo en constante cambio de la fotograf\u00eda y la videograf\u00eda de acci\u00f3n, la Insta360 Ace Pro se destaca&hellip; <\/p><\/div>\n\n<div style=\"margin-top:var(--wp--preset--spacing--20);\" class=\"wp-block-post-date\"><time datetime=\"2025-08-06T12:32:53+04:00\">8\/6\/2025<\/time><\/div>\n<\/li><li data-wp-key=\"post-template-item-11675\" class=\"wp-block-post post-11675 post type-post status-publish format-standard has-post-thumbnail hentry category-codigo-promocional category-insta360-x3-es\">\n<figure class=\"wp-block-post-featured-image\"><a href=\"https:\/\/droneandcam.com\/es\/post\/codigo-de-cupon-insta360-x3\/\" target=\"_self\"  ><img loading=\"lazy\" decoding=\"async\" width=\"530\" height=\"250\" src=\"https:\/\/droneandcam.com\/wp-content\/uploads\/2025\/08\/image-50-530x250.avif\" class=\"attachment-blog-thumb size-blog-thumb wp-post-image\" alt=\"C\u00f3digo de cup\u00f3n Insta360 X3\" style=\"border-radius:20px;object-fit:cover;\" \/><\/a><\/figure>\n\n<h2 style=\"margin-bottom:0;margin-top:var(--wp--preset--spacing--20);\" class=\"wp-block-post-title has-large-font-size\"><a href=\"https:\/\/droneandcam.com\/es\/post\/codigo-de-cupon-insta360-x3\/\" target=\"_self\" >C\u00f3digo de cup\u00f3n Insta360 X3<\/a><\/h2>\n\n<div style=\"margin-bottom:0;margin-top:var(--wp--preset--spacing--20);\" class=\"wp-block-post-excerpt\"><p class=\"wp-block-post-excerpt__excerpt\">Imag\u00ednese navegando por el tumultuoso oc\u00e9ano de Internet, buscando ese precioso tesoro que son los c\u00f3digos de cup\u00f3n para Insta360&hellip; <\/p><\/div>\n\n<div style=\"margin-top:var(--wp--preset--spacing--20);\" class=\"wp-block-post-date\"><time datetime=\"2025-08-06T12:28:59+04:00\">8\/6\/2025<\/time><\/div>\n<\/li><\/ul>\n\n<\/div>\n","protected":false},"excerpt":{"rendered":"<p>\u00a1Aprovecha nuestros c\u00f3digos promocionales exclusivos de Drone &amp; Cam para ahorrar en tus compras de drones, c\u00e1maras y accesorios!<\/p>\n","protected":false},"author":1,"featured_media":0,"parent":0,"menu_order":0,"comment_status":"closed","ping_status":"closed","template":"","meta":{"om_disable_all_campaigns":false,"footnotes":""},"class_list":["post-23564","page","type-page","status-publish","hentry"],"yoast_head":"<!-- This site is optimized with the Yoast SEO Premium plugin v27.4 (Yoast SEO v27.4) - https:\/\/yoast.com\/product\/yoast-seo-premium-wordpress\/ -->\n<title>C\u00f3digo promocional - Drone &amp; Cam<\/title>\n<meta name=\"description\" content=\"Consulta todos nuestros c\u00f3digos promocionales de Drone &amp; Cam para obtener descuentos exclusivos en los mejores drones, c\u00e1maras y accesorios de foto\/video.\" \/>\n<meta name=\"robots\" content=\"index, follow, max-snippet:-1, max-image-preview:large, max-video-preview:-1\" \/>\n<link rel=\"canonical\" href=\"https:\/\/droneandcam.com\/es\/codigo-promocional\/\" \/>\n<meta property=\"og:locale\" content=\"es_ES\" \/>\n<meta property=\"og:type\" content=\"article\" \/>\n<meta property=\"og:title\" content=\"C\u00f3digo promocional\" \/>\n<meta property=\"og:description\" content=\"Consulta todos nuestros c\u00f3digos promocionales de Drone &amp; Cam para obtener descuentos exclusivos en los mejores drones, c\u00e1maras y accesorios de foto\/video.\" \/>\n<meta property=\"og:url\" content=\"https:\/\/droneandcam.com\/es\/codigo-promocional\/\" \/>\n<meta property=\"og:site_name\" content=\"Drone &amp; Cam\" \/>\n<meta property=\"article:modified_time\" content=\"2026-02-22T22:12:22+00:00\" \/>\n<meta name=\"twitter:card\" content=\"summary_large_image\" \/>\n<script type=\"application\/ld+json\" class=\"yoast-schema-graph\">{\"@context\":\"https:\\\/\\\/schema.org\",\"@graph\":[{\"@type\":\"WebPage\",\"@id\":\"https:\\\/\\\/droneandcam.com\\\/es\\\/codigo-promocional\\\/\",\"url\":\"https:\\\/\\\/droneandcam.com\\\/es\\\/codigo-promocional\\\/\",\"name\":\"C\u00f3digo promocional - Drone &amp; Cam\",\"isPartOf\":{\"@id\":\"https:\\\/\\\/droneandcam.com\\\/es\\\/#website\"},\"datePublished\":\"2025-08-11T01:38:04+00:00\",\"dateModified\":\"2026-02-22T22:12:22+00:00\",\"description\":\"Consulta todos nuestros c\u00f3digos promocionales de Drone & Cam para obtener descuentos exclusivos en los mejores drones, c\u00e1maras y accesorios de foto\\\/video.\",\"breadcrumb\":{\"@id\":\"https:\\\/\\\/droneandcam.com\\\/es\\\/codigo-promocional\\\/#breadcrumb\"},\"inLanguage\":\"es\",\"potentialAction\":[{\"@type\":\"ReadAction\",\"target\":[\"https:\\\/\\\/droneandcam.com\\\/es\\\/codigo-promocional\\\/\"]}]},{\"@type\":\"BreadcrumbList\",\"@id\":\"https:\\\/\\\/droneandcam.com\\\/es\\\/codigo-promocional\\\/#breadcrumb\",\"itemListElement\":[{\"@type\":\"ListItem\",\"position\":1,\"name\":\"Accueil\",\"item\":\"https:\\\/\\\/droneandcam.com\\\/es\\\/\"},{\"@type\":\"ListItem\",\"position\":2,\"name\":\"C\u00f3digo promocional\"}]},{\"@type\":\"WebSite\",\"@id\":\"https:\\\/\\\/droneandcam.com\\\/es\\\/#website\",\"url\":\"https:\\\/\\\/droneandcam.com\\\/es\\\/\",\"name\":\"Drone & Cam\",\"description\":\"Shoot. Fly. Repeat.\",\"publisher\":{\"@id\":\"https:\\\/\\\/droneandcam.com\\\/es\\\/#organization\"},\"potentialAction\":[{\"@type\":\"SearchAction\",\"target\":{\"@type\":\"EntryPoint\",\"urlTemplate\":\"https:\\\/\\\/droneandcam.com\\\/es\\\/?s={search_term_string}\"},\"query-input\":{\"@type\":\"PropertyValueSpecification\",\"valueRequired\":true,\"valueName\":\"search_term_string\"}}],\"inLanguage\":\"es\"},{\"@type\":\"Organization\",\"@id\":\"https:\\\/\\\/droneandcam.com\\\/es\\\/#organization\",\"name\":\"Drone & Cam\",\"url\":\"https:\\\/\\\/droneandcam.com\\\/es\\\/\",\"logo\":{\"@type\":\"ImageObject\",\"inLanguage\":\"es\",\"@id\":\"https:\\\/\\\/droneandcam.com\\\/es\\\/#\\\/schema\\\/logo\\\/image\\\/\",\"url\":\"https:\\\/\\\/droneandcam.com\\\/wp-content\\\/uploads\\\/2026\\\/02\\\/cropped-ChatGPT_Image_7_aout_2025_a_12_02_31-removebg-preview-150x150-2.avif\",\"contentUrl\":\"https:\\\/\\\/droneandcam.com\\\/wp-content\\\/uploads\\\/2026\\\/02\\\/cropped-ChatGPT_Image_7_aout_2025_a_12_02_31-removebg-preview-150x150-2.avif\",\"width\":150,\"height\":150,\"caption\":\"Drone & Cam\"},\"image\":{\"@id\":\"https:\\\/\\\/droneandcam.com\\\/es\\\/#\\\/schema\\\/logo\\\/image\\\/\"}}]}<\/script>\n<!-- \/ Yoast SEO Premium plugin. -->","yoast_head_json":{"title":"C\u00f3digo promocional - Drone &amp; Cam","description":"Consulta todos nuestros c\u00f3digos promocionales de Drone & Cam para obtener descuentos exclusivos en los mejores drones, c\u00e1maras y accesorios de foto\/video.","robots":{"index":"index","follow":"follow","max-snippet":"max-snippet:-1","max-image-preview":"max-image-preview:large","max-video-preview":"max-video-preview:-1"},"canonical":"https:\/\/droneandcam.com\/es\/codigo-promocional\/","og_locale":"es_ES","og_type":"article","og_title":"C\u00f3digo promocional","og_description":"Consulta todos nuestros c\u00f3digos promocionales de Drone & Cam para obtener descuentos exclusivos en los mejores drones, c\u00e1maras y accesorios de foto\/video.","og_url":"https:\/\/droneandcam.com\/es\/codigo-promocional\/","og_site_name":"Drone &amp; Cam","article_modified_time":"2026-02-22T22:12:22+00:00","twitter_card":"summary_large_image","schema":{"@context":"https:\/\/schema.org","@graph":[{"@type":"WebPage","@id":"https:\/\/droneandcam.com\/es\/codigo-promocional\/","url":"https:\/\/droneandcam.com\/es\/codigo-promocional\/","name":"C\u00f3digo promocional - Drone &amp; Cam","isPartOf":{"@id":"https:\/\/droneandcam.com\/es\/#website"},"datePublished":"2025-08-11T01:38:04+00:00","dateModified":"2026-02-22T22:12:22+00:00","description":"Consulta todos nuestros c\u00f3digos promocionales de Drone & Cam para obtener descuentos exclusivos en los mejores drones, c\u00e1maras y accesorios de foto\/video.","breadcrumb":{"@id":"https:\/\/droneandcam.com\/es\/codigo-promocional\/#breadcrumb"},"inLanguage":"es","potentialAction":[{"@type":"ReadAction","target":["https:\/\/droneandcam.com\/es\/codigo-promocional\/"]}]},{"@type":"BreadcrumbList","@id":"https:\/\/droneandcam.com\/es\/codigo-promocional\/#breadcrumb","itemListElement":[{"@type":"ListItem","position":1,"name":"Accueil","item":"https:\/\/droneandcam.com\/es\/"},{"@type":"ListItem","position":2,"name":"C\u00f3digo promocional"}]},{"@type":"WebSite","@id":"https:\/\/droneandcam.com\/es\/#website","url":"https:\/\/droneandcam.com\/es\/","name":"Drone & Cam","description":"Shoot. Fly. Repeat.","publisher":{"@id":"https:\/\/droneandcam.com\/es\/#organization"},"potentialAction":[{"@type":"SearchAction","target":{"@type":"EntryPoint","urlTemplate":"https:\/\/droneandcam.com\/es\/?s={search_term_string}"},"query-input":{"@type":"PropertyValueSpecification","valueRequired":true,"valueName":"search_term_string"}}],"inLanguage":"es"},{"@type":"Organization","@id":"https:\/\/droneandcam.com\/es\/#organization","name":"Drone & Cam","url":"https:\/\/droneandcam.com\/es\/","logo":{"@type":"ImageObject","inLanguage":"es","@id":"https:\/\/droneandcam.com\/es\/#\/schema\/logo\/image\/","url":"https:\/\/droneandcam.com\/wp-content\/uploads\/2026\/02\/cropped-ChatGPT_Image_7_aout_2025_a_12_02_31-removebg-preview-150x150-2.avif","contentUrl":"https:\/\/droneandcam.com\/wp-content\/uploads\/2026\/02\/cropped-ChatGPT_Image_7_aout_2025_a_12_02_31-removebg-preview-150x150-2.avif","width":150,"height":150,"caption":"Drone & Cam"},"image":{"@id":"https:\/\/droneandcam.com\/es\/#\/schema\/logo\/image\/"}}]}},"_links":{"self":[{"href":"https:\/\/droneandcam.com\/es\/wp-json\/wp\/v2\/pages\/23564","targetHints":{"allow":["GET"]}}],"collection":[{"href":"https:\/\/droneandcam.com\/es\/wp-json\/wp\/v2\/pages"}],"about":[{"href":"https:\/\/droneandcam.com\/es\/wp-json\/wp\/v2\/types\/page"}],"author":[{"embeddable":true,"href":"https:\/\/droneandcam.com\/es\/wp-json\/wp\/v2\/users\/1"}],"replies":[{"embeddable":true,"href":"https:\/\/droneandcam.com\/es\/wp-json\/wp\/v2\/comments?post=23564"}],"version-history":[{"count":1,"href":"https:\/\/droneandcam.com\/es\/wp-json\/wp\/v2\/pages\/23564\/revisions"}],"predecessor-version":[{"id":32326,"href":"https:\/\/droneandcam.com\/es\/wp-json\/wp\/v2\/pages\/23564\/revisions\/32326"}],"wp:attachment":[{"href":"https:\/\/droneandcam.com\/es\/wp-json\/wp\/v2\/media?parent=23564"}],"curies":[{"name":"wp","href":"https:\/\/api.w.org\/{rel}","templated":true}]}}