{"id":23540,"date":"2025-08-12T11:28:32","date_gmt":"2025-08-12T07:28:32","guid":{"rendered":"https:\/\/droneandcam.com\/acerca-de-drone-cam\/"},"modified":"2026-02-07T11:18:59","modified_gmt":"2026-02-07T07:18:59","slug":"acerca-de-drone-cam","status":"publish","type":"page","link":"https:\/\/droneandcam.com\/es\/acerca-de-drone-cam\/","title":{"rendered":"Acerca de Drone &amp; Cam"},"content":{"rendered":"\n<p><strong><a href=\"https:\/\/droneandcam.com\/es\/\">Drone<\/a> &amp; Cam<\/strong> es tu referencia online para todo lo relacionado con <strong>la creaci\u00f3n de contenidos de fotograf\u00eda y v\u00eddeo<\/strong> .<br \/> Ya seas un entusiasta <strong>de los drones<\/strong> , un fan\u00e1tico <strong>de las c\u00e1maras 360<\/strong> , un fan\u00e1tico <strong>de las c\u00e1maras de acci\u00f3n<\/strong> o un creador que busca el <strong>mejor accesorio<\/strong> , te ayudamos a elegir, dominar y explotar al m\u00e1ximo tu equipo.<\/p>\n\n<hr class=\"wp-block-separator has-alpha-channel-opacity\" \/>\n\n<h2 class=\"wp-block-heading\"><strong>Nuestra misi\u00f3n<\/strong><\/h2>\n\n<p>Proporcionando a nuestra comunidad <strong>rese\u00f1as confiables<\/strong> , <strong>gu\u00edas de compra integrales<\/strong> y <strong>consejos pr\u00e1cticos<\/strong> para capturar im\u00e1genes de calidad profesional.<br \/> Aqu\u00ed encontrar\u00e1 consejos para:<\/p>\n\n<ul class=\"wp-block-list\">\n<li><strong>Elegir la c\u00e1mara adecuada<\/strong> (Insta360, GoPro, <a href=\"https:\/\/droneandcam.com\/es\/post\/dji-osmo-pocket-3-vs-dji-osmo-pocket-2\/\">DJI<\/a>, Sony, etc.)<\/li>\n\n\n\n<li><strong>Encuentra el dron adecuado<\/strong> para tus necesidades, desde el ocio hasta la filmaci\u00f3n profesional.<\/li>\n\n\n\n<li><strong>Optimiza tus v\u00eddeos<\/strong> con los mejores accesorios y software<\/li>\n\n\n\n<li><strong>Aprovecha los mejores precios<\/strong> con nuestros <strong>c\u00f3digos promocionales exclusivos<\/strong><\/li>\n<\/ul>\n\n<hr class=\"wp-block-separator has-alpha-channel-opacity\" \/>\n\n<h2 class=\"wp-block-heading\"><strong>Lo que cubrimos<\/strong><\/h2>\n\n<ul class=\"wp-block-list\">\n<li><strong>C\u00e1maras 360\u00b0<\/strong> : Insta360 X4, X3, Ace Pro\u2026<\/li>\n\n\n\n<li><strong>C\u00e1maras de acci\u00f3n<\/strong> : GoPro Hero 13 Black, DJI Osmo Action, Sony Action Cam\u2026<\/li>\n\n\n\n<li><strong>Drones<\/strong> : DJI Mini, Air, Mavic, FPV, Avata\u2026<\/li>\n\n\n\n<li><strong>Accesorios<\/strong> : tarjetas SD r\u00e1pidas, micr\u00f3fonos R\u00d8DE, tr\u00edpodes, booms, filtros ND, etc.<\/li>\n\n\n\n<li><strong>Edici\u00f3n y postproducci\u00f3n<\/strong> : Luminar Neo, Retouch4me, Submagic, CapCut\u2026<\/li>\n<\/ul>\n\n<hr class=\"wp-block-separator has-alpha-channel-opacity\" \/>\n\n<h2 class=\"wp-block-heading\"><strong>\u00bfPor qu\u00e9 confiar en nosotros?<\/strong><\/h2>\n\n<ul class=\"wp-block-list\">\n<li><strong>Experiencia multimarca<\/strong> : probamos y comparamos productos de m\u00faltiples fabricantes para brindarle una opini\u00f3n completa e imparcial.<\/li>\n\n\n\n<li><strong>Pruebas de campo<\/strong> : todas nuestras pruebas se realizan en condiciones reales (viajes, caminatas, filmaciones) para brindarle una respuesta concreta.<\/li>\n\n\n\n<li><strong>Gu\u00edas educativas<\/strong> : explicamos aspectos t\u00e9cnicos para que todos puedan progresar, desde principiante hasta profesional.<\/li>\n<\/ul>\n\n<hr class=\"wp-block-separator has-alpha-channel-opacity\" \/>\n\n<h2 class=\"wp-block-heading\"><strong>Nuestra historia<\/strong><\/h2>\n\n<p>Nuestro viaje comenz\u00f3 originalmente con un <a href=\"https:\/\/droneandcam.com\/es\/blog-de-drones-y-camaras\/\">blog<\/a> 100% dedicado a los productos Insta360.<br \/> Muy r\u00e1pidamente, nuestra pasi\u00f3n por las im\u00e1genes y la tecnolog\u00eda nos llev\u00f3 a ampliar nuestro universo a <strong>todo el material fotogr\u00e1fico<\/strong> , desde drones hasta c\u00e1maras, pasando por accesorios y software esenciales.<br \/> Hoy en d\u00eda, <strong>Drone &amp; Cam<\/strong> se ha convertido en un <strong>medio de comunicaci\u00f3n especializado e integral<\/strong> para todos los creadores de contenidos.<\/p>\n\n<hr class=\"wp-block-separator has-alpha-channel-opacity\" \/>\n\n<h2 class=\"wp-block-heading\"><strong>\u00danete a la comunidad Drone &amp; Cam<\/strong><\/h2>\n\n<p>\ud83d\ude80 Recibe nuestras \u00faltimas rese\u00f1as, consejos y tutoriales suscribi\u00e9ndote a nuestra newsletter.<br \/>\ud83d\udcf1S\u00edguenos en nuestras redes sociales para descubrir nuestros v\u00eddeos y detr\u00e1s de c\u00e1maras.<\/p>\n","protected":false},"excerpt":{"rendered":"<p>Drone &amp; Cam es tu referencia online para todo lo relacionado con la creaci\u00f3n de contenidos de fotograf\u00eda y v\u00eddeo . Ya seas un entusiasta de los drones , un fan\u00e1tico de las c\u00e1maras 360 , un fan\u00e1tico de las c\u00e1maras de acci\u00f3n o un creador que busca el mejor accesorio , te ayudamos a [&hellip;]<\/p>\n","protected":false},"author":1,"featured_media":0,"parent":0,"menu_order":0,"comment_status":"closed","ping_status":"closed","template":"","meta":{"om_disable_all_campaigns":false,"footnotes":""},"class_list":["post-23540","page","type-page","status-publish","hentry"],"yoast_head":"<!-- This site is optimized with the Yoast SEO Premium plugin v27.4 (Yoast SEO v27.4) - https:\/\/yoast.com\/product\/yoast-seo-premium-wordpress\/ -->\n<title>Acerca de Drone &amp; Cam - Drone &amp; Cam<\/title>\n<meta name=\"robots\" content=\"index, follow, max-snippet:-1, max-image-preview:large, max-video-preview:-1\" \/>\n<link rel=\"canonical\" href=\"https:\/\/droneandcam.com\/es\/acerca-de-drone-cam\/\" \/>\n<meta property=\"og:locale\" content=\"es_ES\" \/>\n<meta property=\"og:type\" content=\"article\" \/>\n<meta property=\"og:title\" content=\"Acerca de Drone &amp; Cam\" \/>\n<meta property=\"og:description\" content=\"Drone &amp; Cam es tu referencia online para todo lo relacionado con la creaci\u00f3n de contenidos de fotograf\u00eda y v\u00eddeo . Ya seas un entusiasta de los drones , un fan\u00e1tico de las c\u00e1maras 360 , un fan\u00e1tico de las c\u00e1maras de acci\u00f3n o un creador que busca el mejor accesorio , te ayudamos a [&hellip;]\" \/>\n<meta property=\"og:url\" content=\"https:\/\/droneandcam.com\/es\/acerca-de-drone-cam\/\" \/>\n<meta property=\"og:site_name\" content=\"Drone &amp; Cam\" \/>\n<meta property=\"article:modified_time\" content=\"2026-02-07T07:18:59+00:00\" \/>\n<meta name=\"twitter:card\" content=\"summary_large_image\" \/>\n<meta name=\"twitter:label1\" content=\"Tiempo de lectura\" \/>\n\t<meta name=\"twitter:data1\" content=\"2 minutos\" \/>\n<script type=\"application\/ld+json\" class=\"yoast-schema-graph\">{\"@context\":\"https:\\\/\\\/schema.org\",\"@graph\":[{\"@type\":\"WebPage\",\"@id\":\"https:\\\/\\\/droneandcam.com\\\/es\\\/acerca-de-drone-cam\\\/\",\"url\":\"https:\\\/\\\/droneandcam.com\\\/es\\\/acerca-de-drone-cam\\\/\",\"name\":\"Acerca de Drone &amp; Cam - Drone &amp; Cam\",\"isPartOf\":{\"@id\":\"https:\\\/\\\/droneandcam.com\\\/es\\\/#website\"},\"datePublished\":\"2025-08-12T07:28:32+00:00\",\"dateModified\":\"2026-02-07T07:18:59+00:00\",\"breadcrumb\":{\"@id\":\"https:\\\/\\\/droneandcam.com\\\/es\\\/acerca-de-drone-cam\\\/#breadcrumb\"},\"inLanguage\":\"es\",\"potentialAction\":[{\"@type\":\"ReadAction\",\"target\":[\"https:\\\/\\\/droneandcam.com\\\/es\\\/acerca-de-drone-cam\\\/\"]}]},{\"@type\":\"BreadcrumbList\",\"@id\":\"https:\\\/\\\/droneandcam.com\\\/es\\\/acerca-de-drone-cam\\\/#breadcrumb\",\"itemListElement\":[{\"@type\":\"ListItem\",\"position\":1,\"name\":\"Accueil\",\"item\":\"https:\\\/\\\/droneandcam.com\\\/es\\\/\"},{\"@type\":\"ListItem\",\"position\":2,\"name\":\"Acerca de Drone &amp; Cam\"}]},{\"@type\":\"WebSite\",\"@id\":\"https:\\\/\\\/droneandcam.com\\\/es\\\/#website\",\"url\":\"https:\\\/\\\/droneandcam.com\\\/es\\\/\",\"name\":\"Drone & Cam\",\"description\":\"Shoot. Fly. Repeat.\",\"publisher\":{\"@id\":\"https:\\\/\\\/droneandcam.com\\\/es\\\/#organization\"},\"potentialAction\":[{\"@type\":\"SearchAction\",\"target\":{\"@type\":\"EntryPoint\",\"urlTemplate\":\"https:\\\/\\\/droneandcam.com\\\/es\\\/?s={search_term_string}\"},\"query-input\":{\"@type\":\"PropertyValueSpecification\",\"valueRequired\":true,\"valueName\":\"search_term_string\"}}],\"inLanguage\":\"es\"},{\"@type\":\"Organization\",\"@id\":\"https:\\\/\\\/droneandcam.com\\\/es\\\/#organization\",\"name\":\"Drone & Cam\",\"url\":\"https:\\\/\\\/droneandcam.com\\\/es\\\/\",\"logo\":{\"@type\":\"ImageObject\",\"inLanguage\":\"es\",\"@id\":\"https:\\\/\\\/droneandcam.com\\\/es\\\/#\\\/schema\\\/logo\\\/image\\\/\",\"url\":\"https:\\\/\\\/droneandcam.com\\\/wp-content\\\/uploads\\\/2026\\\/02\\\/cropped-ChatGPT_Image_7_aout_2025_a_12_02_31-removebg-preview-150x150-2.avif\",\"contentUrl\":\"https:\\\/\\\/droneandcam.com\\\/wp-content\\\/uploads\\\/2026\\\/02\\\/cropped-ChatGPT_Image_7_aout_2025_a_12_02_31-removebg-preview-150x150-2.avif\",\"width\":150,\"height\":150,\"caption\":\"Drone & Cam\"},\"image\":{\"@id\":\"https:\\\/\\\/droneandcam.com\\\/es\\\/#\\\/schema\\\/logo\\\/image\\\/\"}}]}<\/script>\n<!-- \/ Yoast SEO Premium plugin. -->","yoast_head_json":{"title":"Acerca de Drone &amp; Cam - Drone &amp; Cam","robots":{"index":"index","follow":"follow","max-snippet":"max-snippet:-1","max-image-preview":"max-image-preview:large","max-video-preview":"max-video-preview:-1"},"canonical":"https:\/\/droneandcam.com\/es\/acerca-de-drone-cam\/","og_locale":"es_ES","og_type":"article","og_title":"Acerca de Drone &amp; Cam","og_description":"Drone &amp; Cam es tu referencia online para todo lo relacionado con la creaci\u00f3n de contenidos de fotograf\u00eda y v\u00eddeo . Ya seas un entusiasta de los drones , un fan\u00e1tico de las c\u00e1maras 360 , un fan\u00e1tico de las c\u00e1maras de acci\u00f3n o un creador que busca el mejor accesorio , te ayudamos a [&hellip;]","og_url":"https:\/\/droneandcam.com\/es\/acerca-de-drone-cam\/","og_site_name":"Drone &amp; Cam","article_modified_time":"2026-02-07T07:18:59+00:00","twitter_card":"summary_large_image","twitter_misc":{"Tiempo de lectura":"2 minutos"},"schema":{"@context":"https:\/\/schema.org","@graph":[{"@type":"WebPage","@id":"https:\/\/droneandcam.com\/es\/acerca-de-drone-cam\/","url":"https:\/\/droneandcam.com\/es\/acerca-de-drone-cam\/","name":"Acerca de Drone &amp; Cam - Drone &amp; Cam","isPartOf":{"@id":"https:\/\/droneandcam.com\/es\/#website"},"datePublished":"2025-08-12T07:28:32+00:00","dateModified":"2026-02-07T07:18:59+00:00","breadcrumb":{"@id":"https:\/\/droneandcam.com\/es\/acerca-de-drone-cam\/#breadcrumb"},"inLanguage":"es","potentialAction":[{"@type":"ReadAction","target":["https:\/\/droneandcam.com\/es\/acerca-de-drone-cam\/"]}]},{"@type":"BreadcrumbList","@id":"https:\/\/droneandcam.com\/es\/acerca-de-drone-cam\/#breadcrumb","itemListElement":[{"@type":"ListItem","position":1,"name":"Accueil","item":"https:\/\/droneandcam.com\/es\/"},{"@type":"ListItem","position":2,"name":"Acerca de Drone &amp; Cam"}]},{"@type":"WebSite","@id":"https:\/\/droneandcam.com\/es\/#website","url":"https:\/\/droneandcam.com\/es\/","name":"Drone & Cam","description":"Shoot. Fly. Repeat.","publisher":{"@id":"https:\/\/droneandcam.com\/es\/#organization"},"potentialAction":[{"@type":"SearchAction","target":{"@type":"EntryPoint","urlTemplate":"https:\/\/droneandcam.com\/es\/?s={search_term_string}"},"query-input":{"@type":"PropertyValueSpecification","valueRequired":true,"valueName":"search_term_string"}}],"inLanguage":"es"},{"@type":"Organization","@id":"https:\/\/droneandcam.com\/es\/#organization","name":"Drone & Cam","url":"https:\/\/droneandcam.com\/es\/","logo":{"@type":"ImageObject","inLanguage":"es","@id":"https:\/\/droneandcam.com\/es\/#\/schema\/logo\/image\/","url":"https:\/\/droneandcam.com\/wp-content\/uploads\/2026\/02\/cropped-ChatGPT_Image_7_aout_2025_a_12_02_31-removebg-preview-150x150-2.avif","contentUrl":"https:\/\/droneandcam.com\/wp-content\/uploads\/2026\/02\/cropped-ChatGPT_Image_7_aout_2025_a_12_02_31-removebg-preview-150x150-2.avif","width":150,"height":150,"caption":"Drone & Cam"},"image":{"@id":"https:\/\/droneandcam.com\/es\/#\/schema\/logo\/image\/"}}]}},"_links":{"self":[{"href":"https:\/\/droneandcam.com\/es\/wp-json\/wp\/v2\/pages\/23540","targetHints":{"allow":["GET"]}}],"collection":[{"href":"https:\/\/droneandcam.com\/es\/wp-json\/wp\/v2\/pages"}],"about":[{"href":"https:\/\/droneandcam.com\/es\/wp-json\/wp\/v2\/types\/page"}],"author":[{"embeddable":true,"href":"https:\/\/droneandcam.com\/es\/wp-json\/wp\/v2\/users\/1"}],"replies":[{"embeddable":true,"href":"https:\/\/droneandcam.com\/es\/wp-json\/wp\/v2\/comments?post=23540"}],"version-history":[{"count":2,"href":"https:\/\/droneandcam.com\/es\/wp-json\/wp\/v2\/pages\/23540\/revisions"}],"predecessor-version":[{"id":37894,"href":"https:\/\/droneandcam.com\/es\/wp-json\/wp\/v2\/pages\/23540\/revisions\/37894"}],"wp:attachment":[{"href":"https:\/\/droneandcam.com\/es\/wp-json\/wp\/v2\/media?parent=23540"}],"curies":[{"name":"wp","href":"https:\/\/api.w.org\/{rel}","templated":true}]}}