{"id":23578,"date":"2025-08-05T13:16:50","date_gmt":"2025-08-05T09:16:50","guid":{"rendered":"https:\/\/droneandcam.com\/drone-cam\/"},"modified":"2026-02-25T04:00:11","modified_gmt":"2026-02-25T00:00:11","slug":"drone-cam","status":"publish","type":"page","link":"https:\/\/droneandcam.com\/en\/","title":{"rendered":"Drone &amp; Cam"},"content":{"rendered":"\n<h2 class=\"wp-block-heading has-text-align-center has-x-large-font-size\" id=\"h-tests-avis-et-guide-pour-createur-de-contenu\">Tests, Reviews and Guide for Content Creators<\/h2>\n\n<p class=\"has-text-align-center has-large-font-size\">Capture <a href=\"https:\/\/droneandcam.com\/en\/post\/best-sd-cards-for-sony-%ce%b11-ii-buying-guide-2\/\">the<\/a> world from every angle<\/p>\n\n<div class=\"wp-block-buttons is-content-justification-center is-layout-flex wp-container-core-buttons-is-layout-a89b3969 wp-block-buttons-is-layout-flex\">\n<div class=\"wp-block-button has-custom-width wp-block-button__width-75\"><a class=\"wp-block-button__link has-light-color has-color-2-background-color has-text-color has-background has-link-color has-large-font-size has-custom-font-size wp-element-button\" href=\"https:\/\/droneandcam.com\/en\/comparisons-and-buying-guides\/\">Discover our Guides and Tests<\/a><\/div>\n<\/div>\n\n<div class=\"wp-block-media-text alignfull has-media-on-the-right is-stacked-on-mobile\"><div class=\"wp-block-media-text__content\">\n<p><strong>Antigravity A1 : le drone intelligent pour cr\u00e9er facilement<\/strong><\/p>\n\n\n\n<p><strong>Antigravity<\/strong>\u00a0r\u00e9volutionne l\u2019exp\u00e9rience drone avec l\u2019<strong>A1<\/strong>, un mod\u00e8le compact, intelligent et pens\u00e9 pour les cr\u00e9ateurs de contenu. Simple \u00e0 prendre en main, il permet de capturer des images a\u00e9riennes fluides et spectaculaires, m\u00eame sans \u00eatre pilote confirm\u00e9.<\/p>\n\n\n\n<p>Tests, avis, guides pratiques et\u00a0<strong>bons plans exclusifs<\/strong>\u00a0: d\u00e9couvrez tout ce qu\u2019il faut savoir pour exploiter l\u2019Antigravity A1\u2026 et l\u2019obtenir au meilleur prix.<\/p>\n<\/div><figure class=\"wp-block-media-text__media\"><a href=\"https:\/\/droneandcam.com\/post\/category\/antigravity\/\"><img loading=\"lazy\" decoding=\"async\" width=\"1024\" height=\"575\" src=\"https:\/\/droneandcam.com\/wp-content\/uploads\/2025\/11\/cover-mob-1024x575.avif\" alt=\"Drone Antigravity A1\" class=\"wp-image-36330 size-full\" srcset=\"https:\/\/droneandcam.com\/wp-content\/uploads\/2025\/11\/cover-mob-1024x575.avif 1024w, https:\/\/droneandcam.com\/wp-content\/uploads\/2025\/11\/cover-mob-300x168.avif 300w, https:\/\/droneandcam.com\/wp-content\/uploads\/2025\/11\/cover-mob-768x431.avif 768w, https:\/\/droneandcam.com\/wp-content\/uploads\/2025\/11\/cover-mob.avif 1170w\" sizes=\"auto, (max-width: 1024px) 100vw, 1024px\" \/><\/a><\/figure><\/div>\n\n<div class=\"wp-block-media-text alignfull is-stacked-on-mobile\"><figure class=\"wp-block-media-text__media\"><a href=\"https:\/\/droneandcam.com\/post\/category\/code-promo\/\" target=\"_blank\" rel=\" noreferrer noopener\"><img loading=\"lazy\" decoding=\"async\" width=\"1024\" height=\"576\" src=\"https:\/\/droneandcam.com\/wp-content\/uploads\/2025\/08\/code-promo-1024x576.avif\" alt=\"\" class=\"wp-image-13859 size-full\" srcset=\"https:\/\/droneandcam.com\/wp-content\/uploads\/2025\/08\/code-promo-1024x576.avif 1024w, https:\/\/droneandcam.com\/wp-content\/uploads\/2025\/08\/code-promo-300x169.avif 300w, https:\/\/droneandcam.com\/wp-content\/uploads\/2025\/08\/code-promo-768x432.avif 768w, https:\/\/droneandcam.com\/wp-content\/uploads\/2025\/08\/code-promo.avif 1280w\" sizes=\"auto, (max-width: 1024px) 100vw, 1024px\" \/><\/a><\/figure><div class=\"wp-block-media-text__content\">\n<p><strong data-start=\"105\" data-end=\"146\" style=\"white-space: normal\">Take advantage of our exclusive promo codes<\/strong><\/p>\n\n\n\n<p><span style=\"white-space: normal;font-size: medium\">Save on your purchases with our special offers and discounts from our partners. Our codes are always up-to-date and easy to use, so you can start paying less today! <\/span><\/p>\n<\/div><\/div>\n\n<div class=\"wp-block-media-text alignfull has-media-on-the-right is-stacked-on-mobile\"><div class=\"wp-block-media-text__content\">\n<p><strong>Complete guides for drones and 360 cameras<\/strong><br \/> Discover our <a href=\"https:\/\/droneandcam.com\/en\/comparisons-and-buying-guides\/\">comparisons<\/a>, tests, and expert advice to help you choose the best equipment. Whether you&#8217;re a beginner or an experienced crafter, find the ideal equipment for your projects. <\/p>\n<\/div><figure class=\"wp-block-media-text__media\"><a href=\"https:\/\/droneandcam.com\/post\/tag\/guide\/\" target=\"_blank\" rel=\" noreferrer noopener\"><img loading=\"lazy\" decoding=\"async\" width=\"1024\" height=\"576\" src=\"https:\/\/droneandcam.com\/wp-content\/uploads\/2025\/08\/Guide-drone-et-camera-1024x576.avif\" alt=\"\" class=\"wp-image-13868 size-full\" srcset=\"https:\/\/droneandcam.com\/wp-content\/uploads\/2025\/08\/Guide-drone-et-camera-1024x576.avif 1024w, https:\/\/droneandcam.com\/wp-content\/uploads\/2025\/08\/Guide-drone-et-camera-300x169.avif 300w, https:\/\/droneandcam.com\/wp-content\/uploads\/2025\/08\/Guide-drone-et-camera-768x432.avif 768w, https:\/\/droneandcam.com\/wp-content\/uploads\/2025\/08\/Guide-drone-et-camera.avif 1280w\" sizes=\"auto, (max-width: 1024px) 100vw, 1024px\" \/><\/a><\/figure><\/div>\n\n<div class=\"wp-block-media-text alignfull is-stacked-on-mobile\"><figure class=\"wp-block-media-text__media\"><a href=\"https:\/\/droneandcam.com\/post\/category\/dji-drones\/\" target=\"_blank\" rel=\" noreferrer noopener\"><img loading=\"lazy\" decoding=\"async\" width=\"1024\" height=\"576\" src=\"https:\/\/droneandcam.com\/wp-content\/uploads\/2025\/08\/drone-1024x576.avif\" alt=\"\" class=\"wp-image-13877 size-full\" srcset=\"https:\/\/droneandcam.com\/wp-content\/uploads\/2025\/08\/drone-1024x576.avif 1024w, https:\/\/droneandcam.com\/wp-content\/uploads\/2025\/08\/drone-300x169.avif 300w, https:\/\/droneandcam.com\/wp-content\/uploads\/2025\/08\/drone-768x432.avif 768w, https:\/\/droneandcam.com\/wp-content\/uploads\/2025\/08\/drone.avif 1280w\" sizes=\"auto, (max-width: 1024px) 100vw, 1024px\" \/><\/a><\/figure><div class=\"wp-block-media-text__content\">\n<p><strong>Drone Tests &amp; Accessories<\/strong><br \/> Read our detailed reviews and discover <a href=\"https:\/\/droneandcam.com\/en\/post\/the-best-accessories-for-iphone-16\/\">the best accessories<\/a> to enhance your flights. Optimize your shots and extend the life of your drone with our recommendations. <\/p>\n<\/div><\/div>\n\n<div class=\"wp-block-media-text alignfull has-media-on-the-right is-stacked-on-mobile\"><div class=\"wp-block-media-text__content\">\n<p><strong>Microphone Tests &amp; Advice<\/strong><br \/> Compare the best microphones for your videos, podcasts, and recordings. Find the perfect sound with our detailed reviews and expert recommendations. <\/p>\n<\/div><figure class=\"wp-block-media-text__media\"><a href=\"https:\/\/droneandcam.com\/post\/category\/rode\/\" target=\"_blank\" rel=\" noreferrer noopener\"><img loading=\"lazy\" decoding=\"async\" width=\"1024\" height=\"576\" src=\"https:\/\/droneandcam.com\/wp-content\/uploads\/2025\/08\/microphone-1024x576.avif\" alt=\"\" class=\"wp-image-13886 size-full\" srcset=\"https:\/\/droneandcam.com\/wp-content\/uploads\/2025\/08\/microphone-1024x576.avif 1024w, https:\/\/droneandcam.com\/wp-content\/uploads\/2025\/08\/microphone-300x169.avif 300w, https:\/\/droneandcam.com\/wp-content\/uploads\/2025\/08\/microphone-768x432.avif 768w, https:\/\/droneandcam.com\/wp-content\/uploads\/2025\/08\/microphone.avif 1280w\" sizes=\"auto, (max-width: 1024px) 100vw, 1024px\" \/><\/a><\/figure><\/div>\n\n<div class=\"wp-block-media-text alignfull is-stacked-on-mobile\"><figure class=\"wp-block-media-text__media\"><a href=\"https:\/\/droneandcam.com\/post\/category\/sony\/\" target=\"_blank\" rel=\" noreferrer noopener\"><img loading=\"lazy\" decoding=\"async\" width=\"1024\" height=\"576\" src=\"https:\/\/droneandcam.com\/wp-content\/uploads\/2025\/08\/camera-1024x576.avif\" alt=\"\" class=\"wp-image-13895 size-full\" srcset=\"https:\/\/droneandcam.com\/wp-content\/uploads\/2025\/08\/camera-1024x576.avif 1024w, https:\/\/droneandcam.com\/wp-content\/uploads\/2025\/08\/camera-300x169.avif 300w, https:\/\/droneandcam.com\/wp-content\/uploads\/2025\/08\/camera-768x432.avif 768w, https:\/\/droneandcam.com\/wp-content\/uploads\/2025\/08\/camera.avif 1280w\" sizes=\"auto, (max-width: 1024px) 100vw, 1024px\" \/><\/a><\/figure><div class=\"wp-block-media-text__content\">\n<p><strong>Sony Camera Reviews &amp; Guides<\/strong><br \/> Explore our reviews, comparisons, and tips to help you choose the perfect Sony camera. Master your creativity with our tips and accessory recommendations. <\/p>\n<\/div><\/div>\n\n<figure class=\"wp-block-gallery alignfull has-nested-images columns-4 is-cropped wp-block-gallery-2 is-layout-flex wp-block-gallery-is-layout-flex\">\n<figure class=\"wp-block-image size-full\"><a href=\"https:\/\/droneandcam.com\/en\/post\/category\/gopro-series-en\/\"><img loading=\"lazy\" decoding=\"async\" width=\"2560\" height=\"1440\" data-id=\"8423\" src=\"https:\/\/droneandcam.com\/wp-content\/uploads\/2025\/08\/logo-gopro-edited-scaled.avif\" alt=\"GoPro logo\" class=\"wp-image-8423\" srcset=\"https:\/\/droneandcam.com\/wp-content\/uploads\/2025\/08\/logo-gopro-edited-scaled.avif 2560w, https:\/\/droneandcam.com\/wp-content\/uploads\/2025\/08\/logo-gopro-edited-300x169.avif 300w, https:\/\/droneandcam.com\/wp-content\/uploads\/2025\/08\/logo-gopro-edited-1024x576.avif 1024w, https:\/\/droneandcam.com\/wp-content\/uploads\/2025\/08\/logo-gopro-edited-768x432.avif 768w, https:\/\/droneandcam.com\/wp-content\/uploads\/2025\/08\/logo-gopro-edited-1536x864.avif 1536w, https:\/\/droneandcam.com\/wp-content\/uploads\/2025\/08\/logo-gopro-edited-2048x1152.avif 2048w\" sizes=\"auto, (max-width: 2560px) 100vw, 2560px\" \/><\/a><\/figure>\n\n\n\n<figure class=\"wp-block-image size-full\"><a href=\"https:\/\/droneandcam.com\/en\/post\/category\/insta360-x5-en\/\"><img loading=\"lazy\" decoding=\"async\" width=\"1200\" height=\"675\" data-id=\"8396\" src=\"https:\/\/droneandcam.com\/wp-content\/uploads\/2025\/08\/logo-insta-360.png-edited.avif\" alt=\"insta 360 logo\" class=\"wp-image-8396\" srcset=\"https:\/\/droneandcam.com\/wp-content\/uploads\/2025\/08\/logo-insta-360.png-edited.avif 1200w, https:\/\/droneandcam.com\/wp-content\/uploads\/2025\/08\/logo-insta-360.png-edited-300x169.avif 300w, https:\/\/droneandcam.com\/wp-content\/uploads\/2025\/08\/logo-insta-360.png-edited-1024x576.avif 1024w, https:\/\/droneandcam.com\/wp-content\/uploads\/2025\/08\/logo-insta-360.png-edited-768x432.avif 768w\" sizes=\"auto, (max-width: 1200px) 100vw, 1200px\" \/><\/a><\/figure>\n\n\n\n<figure class=\"wp-block-image size-full\"><a href=\"https:\/\/droneandcam.com\/en\/post\/category\/antigravity\/\"><img loading=\"lazy\" decoding=\"async\" width=\"1200\" height=\"980\" data-id=\"36327\" src=\"https:\/\/droneandcam.com\/wp-content\/uploads\/2025\/11\/antigravity-a1-20.avif\" alt=\"Drone Antigravity A1\" class=\"wp-image-36327\" srcset=\"https:\/\/droneandcam.com\/wp-content\/uploads\/2025\/11\/antigravity-a1-20.avif 1200w, https:\/\/droneandcam.com\/wp-content\/uploads\/2025\/11\/antigravity-a1-20-300x245.avif 300w, https:\/\/droneandcam.com\/wp-content\/uploads\/2025\/11\/antigravity-a1-20-1024x836.avif 1024w, https:\/\/droneandcam.com\/wp-content\/uploads\/2025\/11\/antigravity-a1-20-768x627.avif 768w\" sizes=\"auto, (max-width: 1200px) 100vw, 1200px\" \/><\/a><\/figure>\n\n\n\n<figure class=\"wp-block-image size-full is-style-default\"><a href=\"https:\/\/droneandcam.com\/en\/post\/category\/dji-drones-en\/\"><img loading=\"lazy\" decoding=\"async\" width=\"800\" height=\"450\" data-id=\"8387\" src=\"https:\/\/droneandcam.com\/wp-content\/uploads\/2025\/08\/logo-dji-edited.avif\" alt=\"dji logo\" class=\"wp-image-8387\" srcset=\"https:\/\/droneandcam.com\/wp-content\/uploads\/2025\/08\/logo-dji-edited.avif 800w, https:\/\/droneandcam.com\/wp-content\/uploads\/2025\/08\/logo-dji-edited-300x169.avif 300w, https:\/\/droneandcam.com\/wp-content\/uploads\/2025\/08\/logo-dji-edited-768x432.avif 768w\" sizes=\"auto, (max-width: 800px) 100vw, 800px\" \/><\/a><\/figure>\n<\/figure>\n\n<h2 class=\"wp-block-heading\" id=\"h-nos-derniers-articles\">Our latest articles<\/h2>\n<ul class=\"wp-block-latest-posts__list is-grid columns-3 alignwide wp-block-latest-posts\"><li><div class=\"wp-block-latest-posts__featured-image\"><a href=\"https:\/\/droneandcam.com\/en\/post\/%f0%9f%9a%80-antigravity-a1-understanding-the-indicator-lights-complete-guide\/\" aria-label=\"\ud83d\ude80 Antigravity A1: Understanding the indicator lights (complete guide)\"><img loading=\"lazy\" decoding=\"async\" width=\"150\" height=\"150\" src=\"https:\/\/droneandcam.com\/wp-content\/uploads\/2025\/11\/antigravity-a1-20-150x150.avif\" class=\"attachment-thumbnail size-thumbnail wp-post-image\" alt=\"Antigravity A1 Drone\" style=\"\" \/><\/a><\/div><a class=\"wp-block-latest-posts__post-title\" href=\"https:\/\/droneandcam.com\/en\/post\/%f0%9f%9a%80-antigravity-a1-understanding-the-indicator-lights-complete-guide\/\">\ud83d\ude80 Antigravity A1: Understanding the indicator lights (complete guide)<\/a><\/li>\n<li><div class=\"wp-block-latest-posts__featured-image\"><a href=\"https:\/\/droneandcam.com\/en\/post\/drone-legislation-in-vietnam\/\" aria-label=\"Drone legislation in Vietnam\"><img loading=\"lazy\" decoding=\"async\" width=\"150\" height=\"150\" src=\"https:\/\/droneandcam.com\/wp-content\/uploads\/2026\/04\/451pm-stockpack-unsplash-150x150.avif\" class=\"attachment-thumbnail size-thumbnail wp-post-image\" alt=\"4:51pm\" style=\"\" srcset=\"https:\/\/droneandcam.com\/wp-content\/uploads\/2026\/04\/451pm-stockpack-unsplash-150x150.avif 150w, https:\/\/droneandcam.com\/wp-content\/uploads\/2026\/04\/451pm-stockpack-unsplash-120x120.avif 120w\" sizes=\"auto, (max-width: 150px) 100vw, 150px\" \/><\/a><\/div><a class=\"wp-block-latest-posts__post-title\" href=\"https:\/\/droneandcam.com\/en\/post\/drone-legislation-in-vietnam\/\">Drone legislation in Vietnam<\/a><\/li>\n<li><a class=\"wp-block-latest-posts__post-title\" href=\"https:\/\/droneandcam.com\/en\/post\/drone-legislation-in-venezuela\/\">Drone legislation in Venezuela<\/a><\/li>\n<li><a class=\"wp-block-latest-posts__post-title\" href=\"https:\/\/droneandcam.com\/en\/post\/dji-mavic-3-pro-vs-dji-air-3-the-mid-range-battle\/\">DJI Mavic 3 Pro vs DJI Air 3: The Mid-Range Battle<\/a><\/li>\n<li><div class=\"wp-block-latest-posts__featured-image\"><a href=\"https:\/\/droneandcam.com\/en\/post\/gopro-mission-1-the-8k-revolution-with-a-1-inch-sensor\/\" aria-label=\"GoPro Mission 1: The 8K revolution with a 1-inch sensor\"><img loading=\"lazy\" decoding=\"async\" width=\"150\" height=\"150\" src=\"https:\/\/droneandcam.com\/wp-content\/uploads\/2026\/04\/09-mission-teaser-xl-150x150.avif\" class=\"attachment-thumbnail size-thumbnail wp-post-image\" alt=\"GoPro Mission 1\" style=\"\" srcset=\"https:\/\/droneandcam.com\/wp-content\/uploads\/2026\/04\/09-mission-teaser-xl-150x150.avif 150w, https:\/\/droneandcam.com\/wp-content\/uploads\/2026\/04\/09-mission-teaser-xl-120x120.avif 120w\" sizes=\"auto, (max-width: 150px) 100vw, 150px\" \/><\/a><\/div><a class=\"wp-block-latest-posts__post-title\" href=\"https:\/\/droneandcam.com\/en\/post\/gopro-mission-1-the-8k-revolution-with-a-1-inch-sensor\/\">GoPro Mission 1: The 8K revolution with a 1-inch sensor<\/a><\/li>\n<li><a class=\"wp-block-latest-posts__post-title\" href=\"https:\/\/droneandcam.com\/en\/post\/drone-legislation-in-senegal\/\">Drone legislation in Senegal<\/a><\/li>\n<\/ul>","protected":false},"excerpt":{"rendered":"<p>Tests, Reviews and Guide for Content Creators Capture the world from every angle Antigravity A1 : le drone intelligent pour cr\u00e9er facilement Antigravity\u00a0r\u00e9volutionne l\u2019exp\u00e9rience drone avec l\u2019A1, un mod\u00e8le compact, intelligent et pens\u00e9 pour les cr\u00e9ateurs de contenu. Simple \u00e0 prendre en main, il permet de capturer des images a\u00e9riennes fluides et spectaculaires, m\u00eame sans [&hellip;]<\/p>\n","protected":false},"author":1,"featured_media":0,"parent":0,"menu_order":0,"comment_status":"closed","ping_status":"closed","template":"","meta":{"om_disable_all_campaigns":false,"footnotes":""},"class_list":["post-23578","page","type-page","status-publish","hentry"],"yoast_head":"<!-- This site is optimized with the Yoast SEO Premium plugin v27.4 (Yoast SEO v27.4) - https:\/\/yoast.com\/product\/yoast-seo-premium-wordpress\/ -->\n<title>Drone &amp; Cam - Drone &amp; Cam<\/title>\n<meta name=\"description\" content=\"Read our Drone and 360 Camera Blog for detailed drone and 360 camera reviews and find your perfect gear.\" \/>\n<meta name=\"robots\" content=\"index, follow, max-snippet:-1, max-image-preview:large, max-video-preview:-1\" \/>\n<link rel=\"canonical\" href=\"https:\/\/droneandcam.com\/en\/\" \/>\n<meta property=\"og:locale\" content=\"en_US\" \/>\n<meta property=\"og:type\" content=\"article\" \/>\n<meta property=\"og:title\" content=\"Drone &amp; Cam\" \/>\n<meta property=\"og:description\" content=\"Read our Drone and 360 Camera Blog for detailed drone and 360 camera reviews and find your perfect gear.\" \/>\n<meta property=\"og:url\" content=\"https:\/\/droneandcam.com\/en\/\" \/>\n<meta property=\"og:site_name\" content=\"Drone &amp; Cam\" \/>\n<meta property=\"article:modified_time\" content=\"2026-02-25T00:00:11+00:00\" \/>\n<meta property=\"og:image\" content=\"https:\/\/droneandcam.com\/wp-content\/uploads\/2025\/11\/cover-mob.avif\" \/>\n\t<meta property=\"og:image:width\" content=\"1170\" \/>\n\t<meta property=\"og:image:height\" content=\"657\" \/>\n\t<meta property=\"og:image:type\" content=\"image\/jpeg\" \/>\n<meta name=\"twitter:card\" content=\"summary_large_image\" \/>\n<meta name=\"twitter:label1\" content=\"Est. reading time\" \/>\n\t<meta name=\"twitter:data1\" content=\"3 minutes\" \/>\n<script type=\"application\/ld+json\" class=\"yoast-schema-graph\">{\"@context\":\"https:\\\/\\\/schema.org\",\"@graph\":[{\"@type\":\"WebPage\",\"@id\":\"https:\\\/\\\/droneandcam.com\\\/en\\\/\",\"url\":\"https:\\\/\\\/droneandcam.com\\\/en\\\/\",\"name\":\"Drone &amp; Cam - Drone &amp; Cam\",\"isPartOf\":{\"@id\":\"https:\\\/\\\/droneandcam.com\\\/en\\\/#website\"},\"primaryImageOfPage\":{\"@id\":\"https:\\\/\\\/droneandcam.com\\\/en\\\/#primaryimage\"},\"image\":{\"@id\":\"https:\\\/\\\/droneandcam.com\\\/en\\\/#primaryimage\"},\"thumbnailUrl\":\"https:\\\/\\\/droneandcam.com\\\/wp-content\\\/uploads\\\/2025\\\/11\\\/cover-mob-1024x575.avif\",\"datePublished\":\"2025-08-05T09:16:50+00:00\",\"dateModified\":\"2026-02-25T00:00:11+00:00\",\"description\":\"Read our Drone and 360 Camera Blog for detailed drone and 360 camera reviews and find your perfect gear.\",\"breadcrumb\":{\"@id\":\"https:\\\/\\\/droneandcam.com\\\/en\\\/#breadcrumb\"},\"inLanguage\":\"en-US\",\"potentialAction\":[{\"@type\":\"ReadAction\",\"target\":[\"https:\\\/\\\/droneandcam.com\\\/en\\\/\"]}]},{\"@type\":\"ImageObject\",\"inLanguage\":\"en-US\",\"@id\":\"https:\\\/\\\/droneandcam.com\\\/en\\\/#primaryimage\",\"url\":\"https:\\\/\\\/droneandcam.com\\\/wp-content\\\/uploads\\\/2025\\\/11\\\/cover-mob-1024x575.avif\",\"contentUrl\":\"https:\\\/\\\/droneandcam.com\\\/wp-content\\\/uploads\\\/2025\\\/11\\\/cover-mob-1024x575.avif\"},{\"@type\":\"BreadcrumbList\",\"@id\":\"https:\\\/\\\/droneandcam.com\\\/en\\\/#breadcrumb\",\"itemListElement\":[{\"@type\":\"ListItem\",\"position\":1,\"name\":\"Accueil\",\"item\":\"https:\\\/\\\/droneandcam.com\\\/en\\\/\"},{\"@type\":\"ListItem\",\"position\":2,\"name\":\"Drone &amp; Cam\"}]},{\"@type\":\"WebSite\",\"@id\":\"https:\\\/\\\/droneandcam.com\\\/en\\\/#website\",\"url\":\"https:\\\/\\\/droneandcam.com\\\/en\\\/\",\"name\":\"Drone & Cam\",\"description\":\"Shoot. Fly. Repeat.\",\"publisher\":{\"@id\":\"https:\\\/\\\/droneandcam.com\\\/en\\\/#organization\"},\"potentialAction\":[{\"@type\":\"SearchAction\",\"target\":{\"@type\":\"EntryPoint\",\"urlTemplate\":\"https:\\\/\\\/droneandcam.com\\\/en\\\/?s={search_term_string}\"},\"query-input\":{\"@type\":\"PropertyValueSpecification\",\"valueRequired\":true,\"valueName\":\"search_term_string\"}}],\"inLanguage\":\"en-US\"},{\"@type\":\"Organization\",\"@id\":\"https:\\\/\\\/droneandcam.com\\\/en\\\/#organization\",\"name\":\"Drone & Cam\",\"url\":\"https:\\\/\\\/droneandcam.com\\\/en\\\/\",\"logo\":{\"@type\":\"ImageObject\",\"inLanguage\":\"en-US\",\"@id\":\"https:\\\/\\\/droneandcam.com\\\/en\\\/#\\\/schema\\\/logo\\\/image\\\/\",\"url\":\"https:\\\/\\\/droneandcam.com\\\/wp-content\\\/uploads\\\/2026\\\/02\\\/cropped-ChatGPT_Image_7_aout_2025_a_12_02_31-removebg-preview-150x150-2.avif\",\"contentUrl\":\"https:\\\/\\\/droneandcam.com\\\/wp-content\\\/uploads\\\/2026\\\/02\\\/cropped-ChatGPT_Image_7_aout_2025_a_12_02_31-removebg-preview-150x150-2.avif\",\"width\":150,\"height\":150,\"caption\":\"Drone & Cam\"},\"image\":{\"@id\":\"https:\\\/\\\/droneandcam.com\\\/en\\\/#\\\/schema\\\/logo\\\/image\\\/\"}}]}<\/script>\n<!-- \/ Yoast SEO Premium plugin. -->","yoast_head_json":{"title":"Drone &amp; Cam - Drone &amp; Cam","description":"Read our Drone and 360 Camera Blog for detailed drone and 360 camera reviews and find your perfect gear.","robots":{"index":"index","follow":"follow","max-snippet":"max-snippet:-1","max-image-preview":"max-image-preview:large","max-video-preview":"max-video-preview:-1"},"canonical":"https:\/\/droneandcam.com\/en\/","og_locale":"en_US","og_type":"article","og_title":"Drone &amp; Cam","og_description":"Read our Drone and 360 Camera Blog for detailed drone and 360 camera reviews and find your perfect gear.","og_url":"https:\/\/droneandcam.com\/en\/","og_site_name":"Drone &amp; Cam","article_modified_time":"2026-02-25T00:00:11+00:00","og_image":[{"width":1170,"height":657,"url":"https:\/\/droneandcam.com\/wp-content\/uploads\/2025\/11\/cover-mob.avif","type":"image\/jpeg"}],"twitter_card":"summary_large_image","twitter_misc":{"Est. reading time":"3 minutes"},"schema":{"@context":"https:\/\/schema.org","@graph":[{"@type":"WebPage","@id":"https:\/\/droneandcam.com\/en\/","url":"https:\/\/droneandcam.com\/en\/","name":"Drone &amp; Cam - Drone &amp; Cam","isPartOf":{"@id":"https:\/\/droneandcam.com\/en\/#website"},"primaryImageOfPage":{"@id":"https:\/\/droneandcam.com\/en\/#primaryimage"},"image":{"@id":"https:\/\/droneandcam.com\/en\/#primaryimage"},"thumbnailUrl":"https:\/\/droneandcam.com\/wp-content\/uploads\/2025\/11\/cover-mob-1024x575.avif","datePublished":"2025-08-05T09:16:50+00:00","dateModified":"2026-02-25T00:00:11+00:00","description":"Read our Drone and 360 Camera Blog for detailed drone and 360 camera reviews and find your perfect gear.","breadcrumb":{"@id":"https:\/\/droneandcam.com\/en\/#breadcrumb"},"inLanguage":"en-US","potentialAction":[{"@type":"ReadAction","target":["https:\/\/droneandcam.com\/en\/"]}]},{"@type":"ImageObject","inLanguage":"en-US","@id":"https:\/\/droneandcam.com\/en\/#primaryimage","url":"https:\/\/droneandcam.com\/wp-content\/uploads\/2025\/11\/cover-mob-1024x575.avif","contentUrl":"https:\/\/droneandcam.com\/wp-content\/uploads\/2025\/11\/cover-mob-1024x575.avif"},{"@type":"BreadcrumbList","@id":"https:\/\/droneandcam.com\/en\/#breadcrumb","itemListElement":[{"@type":"ListItem","position":1,"name":"Accueil","item":"https:\/\/droneandcam.com\/en\/"},{"@type":"ListItem","position":2,"name":"Drone &amp; Cam"}]},{"@type":"WebSite","@id":"https:\/\/droneandcam.com\/en\/#website","url":"https:\/\/droneandcam.com\/en\/","name":"Drone & Cam","description":"Shoot. Fly. Repeat.","publisher":{"@id":"https:\/\/droneandcam.com\/en\/#organization"},"potentialAction":[{"@type":"SearchAction","target":{"@type":"EntryPoint","urlTemplate":"https:\/\/droneandcam.com\/en\/?s={search_term_string}"},"query-input":{"@type":"PropertyValueSpecification","valueRequired":true,"valueName":"search_term_string"}}],"inLanguage":"en-US"},{"@type":"Organization","@id":"https:\/\/droneandcam.com\/en\/#organization","name":"Drone & Cam","url":"https:\/\/droneandcam.com\/en\/","logo":{"@type":"ImageObject","inLanguage":"en-US","@id":"https:\/\/droneandcam.com\/en\/#\/schema\/logo\/image\/","url":"https:\/\/droneandcam.com\/wp-content\/uploads\/2026\/02\/cropped-ChatGPT_Image_7_aout_2025_a_12_02_31-removebg-preview-150x150-2.avif","contentUrl":"https:\/\/droneandcam.com\/wp-content\/uploads\/2026\/02\/cropped-ChatGPT_Image_7_aout_2025_a_12_02_31-removebg-preview-150x150-2.avif","width":150,"height":150,"caption":"Drone & Cam"},"image":{"@id":"https:\/\/droneandcam.com\/en\/#\/schema\/logo\/image\/"}}]}},"_links":{"self":[{"href":"https:\/\/droneandcam.com\/en\/wp-json\/wp\/v2\/pages\/23578","targetHints":{"allow":["GET"]}}],"collection":[{"href":"https:\/\/droneandcam.com\/en\/wp-json\/wp\/v2\/pages"}],"about":[{"href":"https:\/\/droneandcam.com\/en\/wp-json\/wp\/v2\/types\/page"}],"author":[{"embeddable":true,"href":"https:\/\/droneandcam.com\/en\/wp-json\/wp\/v2\/users\/1"}],"replies":[{"embeddable":true,"href":"https:\/\/droneandcam.com\/en\/wp-json\/wp\/v2\/comments?post=23578"}],"version-history":[{"count":9,"href":"https:\/\/droneandcam.com\/en\/wp-json\/wp\/v2\/pages\/23578\/revisions"}],"predecessor-version":[{"id":41142,"href":"https:\/\/droneandcam.com\/en\/wp-json\/wp\/v2\/pages\/23578\/revisions\/41142"}],"wp:attachment":[{"href":"https:\/\/droneandcam.com\/en\/wp-json\/wp\/v2\/media?parent=23578"}],"curies":[{"name":"wp","href":"https:\/\/api.w.org\/{rel}","templated":true}]}}