{"id":23562,"date":"2025-08-11T05:38:04","date_gmt":"2025-08-11T01:38:04","guid":{"rendered":"https:\/\/droneandcam.com\/aktionscode\/"},"modified":"2026-02-23T02:12:17","modified_gmt":"2026-02-22T22:12:17","slug":"aktionscode","status":"publish","type":"page","link":"https:\/\/droneandcam.com\/de\/aktionscode\/","title":{"rendered":"Aktionscode"},"content":{"rendered":"\n<p>Profitieren Sie von unseren exklusiven Aktionscodes f\u00fcr <a href=\"https:\/\/droneandcam.com\/de\/drohnen-und-kamerablog\/\">Drohnen<\/a> und Kameras, um beim Kauf von Drohnen, Kameras und Zubeh\u00f6r zu sparen!<\/p>\n\n<div data-wp-context=\"{}\" data-wp-interactive=\"core\/query\" data-wp-key=\"24\" data-wp-router-region=\"query-24\" class=\"wp-block-query alignwide is-layout-flow wp-block-query-is-layout-flow\"><ul class=\"columns-2 post-item wp-block-post-template is-layout-grid wp-container-core-post-template-is-layout-02493678 wp-block-post-template-is-layout-grid\"><li data-wp-key=\"post-template-item-10995\" class=\"wp-block-post post-10995 post type-post status-publish format-standard has-post-thumbnail hentry category-gutscheincode\">\n<figure class=\"wp-block-post-featured-image\"><a href=\"https:\/\/droneandcam.com\/de\/post\/code-promo-telesin\/\" target=\"_self\"  ><img loading=\"lazy\" decoding=\"async\" width=\"530\" height=\"250\" src=\"https:\/\/droneandcam.com\/wp-content\/uploads\/2025\/08\/image-227-530x250.avif\" class=\"attachment-blog-thumb size-blog-thumb wp-post-image\" alt=\"Code Promo TELESIN\" style=\"border-radius:20px;object-fit:cover;\" \/><\/a><\/figure>\n\n<h2 style=\"margin-bottom:0;margin-top:var(--wp--preset--spacing--20);\" class=\"wp-block-post-title has-large-font-size\"><a href=\"https:\/\/droneandcam.com\/de\/post\/code-promo-telesin\/\" target=\"_self\" >Code Promo TELESIN<\/a><\/h2>\n\n<div style=\"margin-bottom:0;margin-top:var(--wp--preset--spacing--20);\" class=\"wp-block-post-excerpt\"><p class=\"wp-block-post-excerpt__excerpt\">Willkommen in der faszinierenden Welt der 360-Grad-Fotografie, in der jedes Detail z\u00e4hlt und jedes Requisit eine entscheidende Rolle spielt, um&hellip; <\/p><\/div>\n\n<div style=\"margin-top:var(--wp--preset--spacing--20);\" class=\"wp-block-post-date\"><time datetime=\"2025-08-08T16:04:48+04:00\">8\/8\/2025<\/time><\/div>\n<\/li><li data-wp-key=\"post-template-item-11853\" class=\"wp-block-post post-11853 post type-post status-publish format-standard has-post-thumbnail hentry category-gutscheincode\">\n<figure class=\"wp-block-post-featured-image\"><a href=\"https:\/\/droneandcam.com\/de\/post\/retouch4me-promo-code-geniessen-sie-20-rabatt-auf-ihre-fotobearbeitung\/\" target=\"_self\"  ><img loading=\"lazy\" decoding=\"async\" width=\"530\" height=\"250\" src=\"https:\/\/droneandcam.com\/wp-content\/uploads\/2025\/08\/image-344-530x250.avif\" class=\"attachment-blog-thumb size-blog-thumb wp-post-image\" alt=\"Retouch4me Promo-Code: Genie\u00dfen Sie 20 % Rabatt auf Ihre Fotobearbeitung!\" style=\"border-radius:20px;object-fit:cover;\" \/><\/a><\/figure>\n\n<h2 style=\"margin-bottom:0;margin-top:var(--wp--preset--spacing--20);\" class=\"wp-block-post-title has-large-font-size\"><a href=\"https:\/\/droneandcam.com\/de\/post\/retouch4me-promo-code-geniessen-sie-20-rabatt-auf-ihre-fotobearbeitung\/\" target=\"_self\" >Retouch4me Promo-Code: Genie\u00dfen Sie 20 % Rabatt auf Ihre Fotobearbeitung!<\/a><\/h2>\n\n<div style=\"margin-bottom:0;margin-top:var(--wp--preset--spacing--20);\" class=\"wp-block-post-excerpt\"><p class=\"wp-block-post-excerpt__excerpt\">M\u00f6chten Sie Ihre Fotos schnell und einfach aufwerten? Die Plugins von Retouch4me sind hier, um zu helfen! Egal, ob Sie&hellip; <\/p><\/div>\n\n<div style=\"margin-top:var(--wp--preset--spacing--20);\" class=\"wp-block-post-date\"><time datetime=\"2025-08-08T16:04:45+04:00\">8\/8\/2025<\/time><\/div>\n<\/li><li data-wp-key=\"post-template-item-11841\" class=\"wp-block-post post-11841 post type-post status-publish format-standard has-post-thumbnail hentry category-360-kameras category-gutscheincode\">\n<figure class=\"wp-block-post-featured-image\"><a href=\"https:\/\/droneandcam.com\/de\/post\/panox-v2-gutscheincode\/\" target=\"_self\"  ><img loading=\"lazy\" decoding=\"async\" width=\"530\" height=\"250\" src=\"https:\/\/droneandcam.com\/wp-content\/uploads\/2025\/08\/image-405-530x250.avif\" class=\"attachment-blog-thumb size-blog-thumb wp-post-image\" alt=\"PanoX V2 GUTSCHEINCODE!\" style=\"border-radius:20px;object-fit:cover;\" \/><\/a><\/figure>\n\n<h2 style=\"margin-bottom:0;margin-top:var(--wp--preset--spacing--20);\" class=\"wp-block-post-title has-large-font-size\"><a href=\"https:\/\/droneandcam.com\/de\/post\/panox-v2-gutscheincode\/\" target=\"_self\" >PanoX V2 GUTSCHEINCODE!<\/a><\/h2>\n\n<div style=\"margin-bottom:0;margin-top:var(--wp--preset--spacing--20);\" class=\"wp-block-post-excerpt\"><p class=\"wp-block-post-excerpt__excerpt\">Die PanoX V2 Kamera ist das ultimative Werkzeug, um unvergessliche 360\u00b0-Momente in au\u00dfergew\u00f6hnlicher Qualit\u00e4t festzuhalten. Egal, ob Sie ein Content-Ersteller,&hellip; <\/p><\/div>\n\n<div style=\"margin-top:var(--wp--preset--spacing--20);\" class=\"wp-block-post-date\"><time datetime=\"2025-08-08T16:04:44+04:00\">8\/8\/2025<\/time><\/div>\n<\/li><li data-wp-key=\"post-template-item-11799\" class=\"wp-block-post post-11799 post type-post status-publish format-standard has-post-thumbnail hentry category-gutscheincode category-nicht-kategorisiert\">\n<figure class=\"wp-block-post-featured-image\"><a href=\"https:\/\/droneandcam.com\/de\/post\/insta360-gutscheincode-kostenloses-zubehor\/\" target=\"_self\"  ><img loading=\"lazy\" decoding=\"async\" width=\"530\" height=\"250\" src=\"https:\/\/droneandcam.com\/wp-content\/uploads\/2025\/08\/image-476-530x250.avif\" class=\"attachment-blog-thumb size-blog-thumb wp-post-image\" alt=\"Insta360 Gutscheincode: Kostenloses Zubeh\u00f6r\" style=\"border-radius:20px;object-fit:cover;\" \/><\/a><\/figure>\n\n<h2 style=\"margin-bottom:0;margin-top:var(--wp--preset--spacing--20);\" class=\"wp-block-post-title has-large-font-size\"><a href=\"https:\/\/droneandcam.com\/de\/post\/insta360-gutscheincode-kostenloses-zubehor\/\" target=\"_self\" >Insta360 Gutscheincode: Kostenloses Zubeh\u00f6r<\/a><\/h2>\n\n<div style=\"margin-bottom:0;margin-top:var(--wp--preset--spacing--20);\" class=\"wp-block-post-excerpt\"><p class=\"wp-block-post-excerpt__excerpt\">PROMO-CODE INSTA360 AKTIV IM JAHR 2025 : INREC7J \u2013 Kostenloses Zubeh\u00f6r beim Kauf einer Kamera. In der dynamischen Welt der&hellip; <\/p><\/div>\n\n<div style=\"margin-top:var(--wp--preset--spacing--20);\" class=\"wp-block-post-date\"><time datetime=\"2025-08-08T16:04:35+04:00\">8\/8\/2025<\/time><\/div>\n<\/li><li data-wp-key=\"post-template-item-11793\" class=\"wp-block-post post-11793 post type-post status-publish format-standard has-post-thumbnail hentry category-gutscheincode category-nicht-kategorisiert\">\n<figure class=\"wp-block-post-featured-image\"><a href=\"https:\/\/droneandcam.com\/de\/post\/gutscheincode-klap-app-30-rabatt-um-ihre-videostrategie-zu-transformieren\/\" target=\"_self\"  ><img loading=\"lazy\" decoding=\"async\" width=\"530\" height=\"250\" src=\"https:\/\/droneandcam.com\/wp-content\/uploads\/2025\/08\/image-884-530x250.avif\" class=\"attachment-blog-thumb size-blog-thumb wp-post-image\" alt=\"Gutscheincode Klap.app: 30 % Rabatt, um Ihre Videostrategie zu transformieren\" style=\"border-radius:20px;object-fit:cover;\" \/><\/a><\/figure>\n\n<h2 style=\"margin-bottom:0;margin-top:var(--wp--preset--spacing--20);\" class=\"wp-block-post-title has-large-font-size\"><a href=\"https:\/\/droneandcam.com\/de\/post\/gutscheincode-klap-app-30-rabatt-um-ihre-videostrategie-zu-transformieren\/\" target=\"_self\" >Gutscheincode Klap.app: 30 % Rabatt, um Ihre Videostrategie zu transformieren<\/a><\/h2>\n\n<div style=\"margin-bottom:0;margin-top:var(--wp--preset--spacing--20);\" class=\"wp-block-post-excerpt\"><p class=\"wp-block-post-excerpt__excerpt\">\ud83c\udfac Verwandeln Sie Ihre Videos mit Klap.app: Erhalten Sie 30% Rabatt mit dem CREATE30 Code! Verbringen Sie Stunden damit, Videoinhalte&hellip; <\/p><\/div>\n\n<div style=\"margin-top:var(--wp--preset--spacing--20);\" class=\"wp-block-post-date\"><time datetime=\"2025-08-08T16:04:34+04:00\">8\/8\/2025<\/time><\/div>\n<\/li><li data-wp-key=\"post-template-item-11764\" class=\"wp-block-post post-11764 post type-post status-publish format-standard has-post-thumbnail hentry category-gutscheincode category-nicht-kategorisiert\">\n<figure class=\"wp-block-post-featured-image\"><a href=\"https:\/\/droneandcam.com\/de\/post\/insta360-gutscheincode-inrec7j\/\" target=\"_self\"  ><img loading=\"lazy\" decoding=\"async\" width=\"530\" height=\"250\" src=\"https:\/\/droneandcam.com\/wp-content\/uploads\/2025\/08\/image-890-530x250.avif\" class=\"attachment-blog-thumb size-blog-thumb wp-post-image\" alt=\"Insta360 Gutscheincode INREC7J\" style=\"border-radius:20px;object-fit:cover;\" \/><\/a><\/figure>\n\n<h2 style=\"margin-bottom:0;margin-top:var(--wp--preset--spacing--20);\" class=\"wp-block-post-title has-large-font-size\"><a href=\"https:\/\/droneandcam.com\/de\/post\/insta360-gutscheincode-inrec7j\/\" target=\"_self\" >Insta360 Gutscheincode INREC7J<\/a><\/h2>\n\n<div style=\"margin-bottom:0;margin-top:var(--wp--preset--spacing--20);\" class=\"wp-block-post-excerpt\"><p class=\"wp-block-post-excerpt__excerpt\">Sind Sie auf der Suche nach einem Insta360-Gutscheincode, der im Jahr 2025 g\u00fcltig ist, um exklusive Vorteile zu genie\u00dfen? Mit&hellip; <\/p><\/div>\n\n<div style=\"margin-top:var(--wp--preset--spacing--20);\" class=\"wp-block-post-date\"><time datetime=\"2025-08-08T16:04:33+04:00\">8\/8\/2025<\/time><\/div>\n<\/li><li data-wp-key=\"post-template-item-11786\" class=\"wp-block-post post-11786 post type-post status-publish format-standard has-post-thumbnail hentry category-gutscheincode category-nicht-kategorisiert\">\n<figure class=\"wp-block-post-featured-image\"><a href=\"https:\/\/droneandcam.com\/de\/post\/insta360-go-3s-gutscheincode\/\" target=\"_self\"  ><img loading=\"lazy\" decoding=\"async\" width=\"530\" height=\"250\" src=\"https:\/\/droneandcam.com\/wp-content\/uploads\/2025\/08\/image-886-530x250.avif\" class=\"attachment-blog-thumb size-blog-thumb wp-post-image\" alt=\"Insta360 GO 3S Gutscheincode\" style=\"border-radius:20px;object-fit:cover;\" \/><\/a><\/figure>\n\n<h2 style=\"margin-bottom:0;margin-top:var(--wp--preset--spacing--20);\" class=\"wp-block-post-title has-large-font-size\"><a href=\"https:\/\/droneandcam.com\/de\/post\/insta360-go-3s-gutscheincode\/\" target=\"_self\" >Insta360 GO 3S Gutscheincode<\/a><\/h2>\n\n<div style=\"margin-bottom:0;margin-top:var(--wp--preset--spacing--20);\" class=\"wp-block-post-excerpt\"><p class=\"wp-block-post-excerpt__excerpt\">Stellen Sie sich vor, Sie halten jeden Moment Ihrer waghalsigsten Abenteuer mit einer Kamera fest, die so kompakt ist, dass&hellip; <\/p><\/div>\n\n<div style=\"margin-top:var(--wp--preset--spacing--20);\" class=\"wp-block-post-date\"><time datetime=\"2025-08-08T16:04:33+04:00\">8\/8\/2025<\/time><\/div>\n<\/li><li data-wp-key=\"post-template-item-11709\" class=\"wp-block-post post-11709 post type-post status-publish format-standard has-post-thumbnail hentry category-gutscheincode category-insta360-ace-series-de\">\n<figure class=\"wp-block-post-featured-image\"><a href=\"https:\/\/droneandcam.com\/de\/post\/code-promo-insta360-ace-pro\/\" target=\"_self\"  ><img loading=\"lazy\" decoding=\"async\" width=\"530\" height=\"250\" src=\"https:\/\/droneandcam.com\/wp-content\/uploads\/2025\/08\/Insta360-Ace-Ace-Pro-530x250.avif\" class=\"attachment-blog-thumb size-blog-thumb wp-post-image\" alt=\"Code PROMO Insta360 Ace Pro\" style=\"border-radius:20px;object-fit:cover;\" \/><\/a><\/figure>\n\n<h2 style=\"margin-bottom:0;margin-top:var(--wp--preset--spacing--20);\" class=\"wp-block-post-title has-large-font-size\"><a href=\"https:\/\/droneandcam.com\/de\/post\/code-promo-insta360-ace-pro\/\" target=\"_self\" >Code PROMO Insta360 Ace Pro<\/a><\/h2>\n\n<div style=\"margin-bottom:0;margin-top:var(--wp--preset--spacing--20);\" class=\"wp-block-post-excerpt\"><p class=\"wp-block-post-excerpt__excerpt\">In der sich st\u00e4ndig ver\u00e4ndernden Welt der Actionfotografie und -videografie sticht die Insta360 Ace Pro als wahre Revolution hervor. Stellen&hellip; <\/p><\/div>\n\n<div style=\"margin-top:var(--wp--preset--spacing--20);\" class=\"wp-block-post-date\"><time datetime=\"2025-08-06T12:32:53+04:00\">8\/6\/2025<\/time><\/div>\n<\/li><li data-wp-key=\"post-template-item-11672\" class=\"wp-block-post post-11672 post type-post status-publish format-standard has-post-thumbnail hentry category-gutscheincode category-insta360-x3-de\">\n<figure class=\"wp-block-post-featured-image\"><a href=\"https:\/\/droneandcam.com\/de\/post\/insta360-x3-gutscheincode\/\" target=\"_self\"  ><img loading=\"lazy\" decoding=\"async\" width=\"530\" height=\"250\" src=\"https:\/\/droneandcam.com\/wp-content\/uploads\/2025\/08\/image-50-530x250.avif\" class=\"attachment-blog-thumb size-blog-thumb wp-post-image\" alt=\"Insta360 X3 Gutscheincode\" style=\"border-radius:20px;object-fit:cover;\" \/><\/a><\/figure>\n\n<h2 style=\"margin-bottom:0;margin-top:var(--wp--preset--spacing--20);\" class=\"wp-block-post-title has-large-font-size\"><a href=\"https:\/\/droneandcam.com\/de\/post\/insta360-x3-gutscheincode\/\" target=\"_self\" >Insta360 X3 Gutscheincode<\/a><\/h2>\n\n<div style=\"margin-bottom:0;margin-top:var(--wp--preset--spacing--20);\" class=\"wp-block-post-excerpt\"><p class=\"wp-block-post-excerpt__excerpt\">Stellen Sie sich vor, Sie segeln auf dem turbulenten Ozean des Internets und suchen nach dem kostbaren Schatz, der Gutscheincodes&hellip; <\/p><\/div>\n\n<div style=\"margin-top:var(--wp--preset--spacing--20);\" class=\"wp-block-post-date\"><time datetime=\"2025-08-06T12:28:59+04:00\">8\/6\/2025<\/time><\/div>\n<\/li><\/ul>\n\n<\/div>\n","protected":false},"excerpt":{"rendered":"<p>Profitieren Sie von unseren exklusiven Aktionscodes f\u00fcr Drohnen und Kameras, um beim Kauf von Drohnen, Kameras und Zubeh\u00f6r zu sparen!<\/p>\n","protected":false},"author":1,"featured_media":0,"parent":0,"menu_order":0,"comment_status":"closed","ping_status":"closed","template":"","meta":{"om_disable_all_campaigns":false,"footnotes":""},"class_list":["post-23562","page","type-page","status-publish","hentry"],"yoast_head":"<!-- This site is optimized with the Yoast SEO Premium plugin v27.4 (Yoast SEO v27.4) - https:\/\/yoast.com\/product\/yoast-seo-premium-wordpress\/ -->\n<title>Aktionscode - Drone &amp; Cam<\/title>\n<meta name=\"description\" content=\"Sehen Sie sich alle unsere Aktionscodes f\u00fcr Drohnen und Kameras an, um exklusive Rabatte auf die besten Drohnen, Kameras und Foto-\/Videozubeh\u00f6rteile zu erhalten.\" \/>\n<meta name=\"robots\" content=\"index, follow, max-snippet:-1, max-image-preview:large, max-video-preview:-1\" \/>\n<link rel=\"canonical\" href=\"https:\/\/droneandcam.com\/de\/aktionscode\/\" \/>\n<meta property=\"og:locale\" content=\"de_DE\" \/>\n<meta property=\"og:type\" content=\"article\" \/>\n<meta property=\"og:title\" content=\"Aktionscode\" \/>\n<meta property=\"og:description\" content=\"Sehen Sie sich alle unsere Aktionscodes f\u00fcr Drohnen und Kameras an, um exklusive Rabatte auf die besten Drohnen, Kameras und Foto-\/Videozubeh\u00f6rteile zu erhalten.\" \/>\n<meta property=\"og:url\" content=\"https:\/\/droneandcam.com\/de\/aktionscode\/\" \/>\n<meta property=\"og:site_name\" content=\"Drone &amp; Cam\" \/>\n<meta property=\"article:modified_time\" content=\"2026-02-22T22:12:17+00:00\" \/>\n<meta name=\"twitter:card\" content=\"summary_large_image\" \/>\n<script type=\"application\/ld+json\" class=\"yoast-schema-graph\">{\"@context\":\"https:\\\/\\\/schema.org\",\"@graph\":[{\"@type\":\"WebPage\",\"@id\":\"https:\\\/\\\/droneandcam.com\\\/de\\\/aktionscode\\\/\",\"url\":\"https:\\\/\\\/droneandcam.com\\\/de\\\/aktionscode\\\/\",\"name\":\"Aktionscode - Drone &amp; Cam\",\"isPartOf\":{\"@id\":\"https:\\\/\\\/droneandcam.com\\\/de\\\/#website\"},\"datePublished\":\"2025-08-11T01:38:04+00:00\",\"dateModified\":\"2026-02-22T22:12:17+00:00\",\"description\":\"Sehen Sie sich alle unsere Aktionscodes f\u00fcr Drohnen und Kameras an, um exklusive Rabatte auf die besten Drohnen, Kameras und Foto-\\\/Videozubeh\u00f6rteile zu erhalten.\",\"breadcrumb\":{\"@id\":\"https:\\\/\\\/droneandcam.com\\\/de\\\/aktionscode\\\/#breadcrumb\"},\"inLanguage\":\"de\",\"potentialAction\":[{\"@type\":\"ReadAction\",\"target\":[\"https:\\\/\\\/droneandcam.com\\\/de\\\/aktionscode\\\/\"]}]},{\"@type\":\"BreadcrumbList\",\"@id\":\"https:\\\/\\\/droneandcam.com\\\/de\\\/aktionscode\\\/#breadcrumb\",\"itemListElement\":[{\"@type\":\"ListItem\",\"position\":1,\"name\":\"Accueil\",\"item\":\"https:\\\/\\\/droneandcam.com\\\/de\\\/\"},{\"@type\":\"ListItem\",\"position\":2,\"name\":\"Aktionscode\"}]},{\"@type\":\"WebSite\",\"@id\":\"https:\\\/\\\/droneandcam.com\\\/de\\\/#website\",\"url\":\"https:\\\/\\\/droneandcam.com\\\/de\\\/\",\"name\":\"Drone & Cam\",\"description\":\"Shoot. Fly. Repeat.\",\"publisher\":{\"@id\":\"https:\\\/\\\/droneandcam.com\\\/de\\\/#organization\"},\"potentialAction\":[{\"@type\":\"SearchAction\",\"target\":{\"@type\":\"EntryPoint\",\"urlTemplate\":\"https:\\\/\\\/droneandcam.com\\\/de\\\/?s={search_term_string}\"},\"query-input\":{\"@type\":\"PropertyValueSpecification\",\"valueRequired\":true,\"valueName\":\"search_term_string\"}}],\"inLanguage\":\"de\"},{\"@type\":\"Organization\",\"@id\":\"https:\\\/\\\/droneandcam.com\\\/de\\\/#organization\",\"name\":\"Drone & Cam\",\"url\":\"https:\\\/\\\/droneandcam.com\\\/de\\\/\",\"logo\":{\"@type\":\"ImageObject\",\"inLanguage\":\"de\",\"@id\":\"https:\\\/\\\/droneandcam.com\\\/de\\\/#\\\/schema\\\/logo\\\/image\\\/\",\"url\":\"https:\\\/\\\/droneandcam.com\\\/wp-content\\\/uploads\\\/2026\\\/02\\\/cropped-ChatGPT_Image_7_aout_2025_a_12_02_31-removebg-preview-150x150-2.avif\",\"contentUrl\":\"https:\\\/\\\/droneandcam.com\\\/wp-content\\\/uploads\\\/2026\\\/02\\\/cropped-ChatGPT_Image_7_aout_2025_a_12_02_31-removebg-preview-150x150-2.avif\",\"width\":150,\"height\":150,\"caption\":\"Drone & Cam\"},\"image\":{\"@id\":\"https:\\\/\\\/droneandcam.com\\\/de\\\/#\\\/schema\\\/logo\\\/image\\\/\"}}]}<\/script>\n<!-- \/ Yoast SEO Premium plugin. -->","yoast_head_json":{"title":"Aktionscode - Drone &amp; Cam","description":"Sehen Sie sich alle unsere Aktionscodes f\u00fcr Drohnen und Kameras an, um exklusive Rabatte auf die besten Drohnen, Kameras und Foto-\/Videozubeh\u00f6rteile zu erhalten.","robots":{"index":"index","follow":"follow","max-snippet":"max-snippet:-1","max-image-preview":"max-image-preview:large","max-video-preview":"max-video-preview:-1"},"canonical":"https:\/\/droneandcam.com\/de\/aktionscode\/","og_locale":"de_DE","og_type":"article","og_title":"Aktionscode","og_description":"Sehen Sie sich alle unsere Aktionscodes f\u00fcr Drohnen und Kameras an, um exklusive Rabatte auf die besten Drohnen, Kameras und Foto-\/Videozubeh\u00f6rteile zu erhalten.","og_url":"https:\/\/droneandcam.com\/de\/aktionscode\/","og_site_name":"Drone &amp; Cam","article_modified_time":"2026-02-22T22:12:17+00:00","twitter_card":"summary_large_image","schema":{"@context":"https:\/\/schema.org","@graph":[{"@type":"WebPage","@id":"https:\/\/droneandcam.com\/de\/aktionscode\/","url":"https:\/\/droneandcam.com\/de\/aktionscode\/","name":"Aktionscode - Drone &amp; Cam","isPartOf":{"@id":"https:\/\/droneandcam.com\/de\/#website"},"datePublished":"2025-08-11T01:38:04+00:00","dateModified":"2026-02-22T22:12:17+00:00","description":"Sehen Sie sich alle unsere Aktionscodes f\u00fcr Drohnen und Kameras an, um exklusive Rabatte auf die besten Drohnen, Kameras und Foto-\/Videozubeh\u00f6rteile zu erhalten.","breadcrumb":{"@id":"https:\/\/droneandcam.com\/de\/aktionscode\/#breadcrumb"},"inLanguage":"de","potentialAction":[{"@type":"ReadAction","target":["https:\/\/droneandcam.com\/de\/aktionscode\/"]}]},{"@type":"BreadcrumbList","@id":"https:\/\/droneandcam.com\/de\/aktionscode\/#breadcrumb","itemListElement":[{"@type":"ListItem","position":1,"name":"Accueil","item":"https:\/\/droneandcam.com\/de\/"},{"@type":"ListItem","position":2,"name":"Aktionscode"}]},{"@type":"WebSite","@id":"https:\/\/droneandcam.com\/de\/#website","url":"https:\/\/droneandcam.com\/de\/","name":"Drone & Cam","description":"Shoot. Fly. Repeat.","publisher":{"@id":"https:\/\/droneandcam.com\/de\/#organization"},"potentialAction":[{"@type":"SearchAction","target":{"@type":"EntryPoint","urlTemplate":"https:\/\/droneandcam.com\/de\/?s={search_term_string}"},"query-input":{"@type":"PropertyValueSpecification","valueRequired":true,"valueName":"search_term_string"}}],"inLanguage":"de"},{"@type":"Organization","@id":"https:\/\/droneandcam.com\/de\/#organization","name":"Drone & Cam","url":"https:\/\/droneandcam.com\/de\/","logo":{"@type":"ImageObject","inLanguage":"de","@id":"https:\/\/droneandcam.com\/de\/#\/schema\/logo\/image\/","url":"https:\/\/droneandcam.com\/wp-content\/uploads\/2026\/02\/cropped-ChatGPT_Image_7_aout_2025_a_12_02_31-removebg-preview-150x150-2.avif","contentUrl":"https:\/\/droneandcam.com\/wp-content\/uploads\/2026\/02\/cropped-ChatGPT_Image_7_aout_2025_a_12_02_31-removebg-preview-150x150-2.avif","width":150,"height":150,"caption":"Drone & Cam"},"image":{"@id":"https:\/\/droneandcam.com\/de\/#\/schema\/logo\/image\/"}}]}},"_links":{"self":[{"href":"https:\/\/droneandcam.com\/de\/wp-json\/wp\/v2\/pages\/23562","targetHints":{"allow":["GET"]}}],"collection":[{"href":"https:\/\/droneandcam.com\/de\/wp-json\/wp\/v2\/pages"}],"about":[{"href":"https:\/\/droneandcam.com\/de\/wp-json\/wp\/v2\/types\/page"}],"author":[{"embeddable":true,"href":"https:\/\/droneandcam.com\/de\/wp-json\/wp\/v2\/users\/1"}],"replies":[{"embeddable":true,"href":"https:\/\/droneandcam.com\/de\/wp-json\/wp\/v2\/comments?post=23562"}],"version-history":[{"count":1,"href":"https:\/\/droneandcam.com\/de\/wp-json\/wp\/v2\/pages\/23562\/revisions"}],"predecessor-version":[{"id":23565,"href":"https:\/\/droneandcam.com\/de\/wp-json\/wp\/v2\/pages\/23562\/revisions\/23565"}],"wp:attachment":[{"href":"https:\/\/droneandcam.com\/de\/wp-json\/wp\/v2\/media?parent=23562"}],"curies":[{"name":"wp","href":"https:\/\/api.w.org\/{rel}","templated":true}]}}